
{"id":88,"date":"2015-02-27T10:05:15","date_gmt":"2015-02-27T09:05:15","guid":{"rendered":"https:\/\/www.legrandjardindelisabeth.com\/site\/?page_id=88"},"modified":"2018-08-17T08:50:04","modified_gmt":"2018-08-17T07:50:04","slug":"decouvrir-lauris","status":"publish","type":"page","link":"https:\/\/www.legrandjardindelisabeth.com\/site\/decouvrir-lauris\/?lang=fr","title":{"rendered":"D\u00e9couvrir Lauris et la r\u00e9gion"},"content":{"rendered":"<p>Lauris est un authentique village proven\u00e7al\u00a0; le quartier du \u00ab\u00a0vieux village\u00a0\u00bb avec ses ruelles et ses placettes est un vrai joyau. Sur les deux terrasses sup\u00e9rieures des sept terrasses du ch\u00e2teau se trouvent deux jardins class\u00e9s \u00ab\u00a0jardins remarquables\u00a0\u00bb<\/p>\n<ul>\n<li>le \u00ab\u00a0Jardin Blanc\u00a0\u00bb, jardin ornemental qui offre aux visiteurs une vue exceptionnelle sur la vall\u00e9e de la Durance et la Sainte Victoire,<\/li>\n<li>le \u00ab\u00a0Jardin Conservatoire des Plantes Tinctoriales\u00a0\u00bb o\u00f9 sont cultiv\u00e9es environ 250 plantes, dont sont extraits des colorants pour la teinture, l&rsquo;encre ou l&rsquo;alimentation, renouant avec une activit\u00e9 tr\u00e8s pr\u00e9sente dans le village depuis le 16e si\u00e8cle.<\/li>\n<\/ul>\n<p>Lauris est le point de d\u00e9part id\u00e9al pour la d\u00e9couverte des villages singuliers du Parc du Luberon: Lourmarin (5 km), Cucuron (12 km), Ansouis (15 km), Buoux (17 km), Bonnieux (19 km), Roussillon (30 km), Gordes (37 km)&#8230;.<\/p>\n<p>Pour les amateurs de festivals: la Roque d&rsquo;Anth\u00e9ron et son festival de piano ne sont, \u00e0 vol d\u2019oiseau, qu&rsquo;\u00e0 12 km, Aix en Provence est \u00e0 30 km, Avignon \u00e0 50 km et Orange \u00e0 80 km.<\/p>\n<p>Si vous pr\u00e9f\u00e9rez la nature et les sports de plein air, Lauris et ses alentours vous offrent de nombreuses possibilit\u00e9s.<\/p>\n<p>Pour vos enfants il y a un centre \u00e9questre \u00e0 1 km du village, la A.F.D.A. Une base de cano\u00eb kayak au bord de la Durance \u00e0 2 km du village, une \u00e9cole de cirque qui se trouve \u00e0 Cadenet (6 km) de nombreux chemins balis\u00e9s de randonn\u00e9es etc.<\/p>","protected":false},"excerpt":{"rendered":"<p>Lauris est un authentique village proven\u00e7al\u00a0; le quartier du \u00ab\u00a0vieux village\u00a0\u00bb avec ses ruelles et ses placettes est un vrai joyau. Sur les deux terrasses sup\u00e9rieures des sept terrasses du ch\u00e2teau se trouvent deux jardins class\u00e9s \u00ab\u00a0jardins remarquables\u00a0\u00bb le \u00ab\u00a0Jardin Blanc\u00a0\u00bb, jardin ornemental qui offre aux visiteurs une vue exceptionnelle sur la vall\u00e9e de la &#8230; <a class=\"read-more\" href=\"https:\/\/www.legrandjardindelisabeth.com\/site\/decouvrir-lauris\/?lang=fr\">Lire plus&#8230;<\/a><\/p>\n","protected":false},"author":2,"featured_media":0,"parent":0,"menu_order":0,"comment_status":"closed","ping_status":"open","template":"","meta":{"footnotes":""},"class_list":["post-88","page","type-page","status-publish","hentry"],"aioseo_notices":[],"_links":{"self":[{"href":"https:\/\/www.legrandjardindelisabeth.com\/site\/wp-json\/wp\/v2\/pages\/88","targetHints":{"allow":["GET"]}}],"collection":[{"href":"https:\/\/www.legrandjardindelisabeth.com\/site\/wp-json\/wp\/v2\/pages"}],"about":[{"href":"https:\/\/www.legrandjardindelisabeth.com\/site\/wp-json\/wp\/v2\/types\/page"}],"author":[{"embeddable":true,"href":"https:\/\/www.legrandjardindelisabeth.com\/site\/wp-json\/wp\/v2\/users\/2"}],"replies":[{"embeddable":true,"href":"https:\/\/www.legrandjardindelisabeth.com\/site\/wp-json\/wp\/v2\/comments?post=88"}],"version-history":[{"count":5,"href":"https:\/\/www.legrandjardindelisabeth.com\/site\/wp-json\/wp\/v2\/pages\/88\/revisions"}],"predecessor-version":[{"id":1006,"href":"https:\/\/www.legrandjardindelisabeth.com\/site\/wp-json\/wp\/v2\/pages\/88\/revisions\/1006"}],"wp:attachment":[{"href":"https:\/\/www.legrandjardindelisabeth.com\/site\/wp-json\/wp\/v2\/media?parent=88"}],"curies":[{"name":"wp","href":"https:\/\/api.w.org\/{rel}","templated":true}]}}