
{"id":86,"date":"2015-02-27T10:03:23","date_gmt":"2015-02-27T09:03:23","guid":{"rendered":"https:\/\/www.legrandjardindelisabeth.com\/site\/?page_id=86"},"modified":"2018-08-21T19:44:11","modified_gmt":"2018-08-21T18:44:11","slug":"plan-dacces","status":"publish","type":"page","link":"https:\/\/www.legrandjardindelisabeth.com\/site\/plan-dacces\/?lang=fr","title":{"rendered":"Plan d&rsquo;acc\u00e8s"},"content":{"rendered":"<p><iframe loading=\"lazy\" width=\"800\" height=\"600\" style=border: 0;\" frameborder=\"0\" scrolling=\"no\" marginheight=\"0\" marginwidth=\"0\" src=\"https:\/\/www.openstreetmap.org\/export\/embed.html?bbox=5.292212963104248%2C43.741413943495175%2C5.325794219970704%2C43.755643521793196&amp;layer=mapnik&amp;marker=43.748529155501096%2C5.309003591537476\" style=\"border: 1px solid black\"><\/iframe><br \/><small><a href=\"https:\/\/www.openstreetmap.org\/?mlat=43.7485&amp;mlon=5.3090#map=16\/43.7485\/5.3090\">Afficher une carte plus grande<\/a><\/small><\/p>\n<p>Vous disposerez d&rsquo;un parking priv\u00e9 clotur\u00e9, sur le lieu.<\/p>\n<h1>Comment venir au grand jardin&#8230;<\/h1>\n<h3>En voiture:<\/h3>\n<p>Autoroute A7 direction Avignon : prendre la sortie 26 &#8211; S\u00e9nas puis prendre la direction Mallemort puis M\u00e9rindol et Lauris.<\/p>\n<p>Autoroute la Proven\u00e7ale A8 depuis Nice : prendre direction Aix, puis prendre l\u2019autoroute A51 direction Gap. Prendre la sortie N\u00b015 : Pertuis. Prendre la direction de Pertuis puis la direction de Villelaure, Cadenet et Lauris.<\/p>\n<p>Autoroute A51 depuis Gap, prendre la direction Aix \u2013 Marseille. Prendre la sortie N\u00b015 : Pertuis. Une fois le pont passer prendre la direction de Villelaure au rond-point puis Cadenet, Lauris.<\/p>\n<h3>En train:<\/h3>\n<p>Gare routi\u00e8re Aix-en-Provence (Centre-Ville) \u2013 Place Victor Hugo \u2013 13100 Aix-en-Provence (40kms)<br \/>\nGare Aix-en-Provence (Aix-TGV) \u2013 RD 9 \u2013 13290 Aix-en-Provence (50kms)<br \/>\nGare Avignon TGV \u2013 La Courtine 84000 Avignon \u2013 Liaisons centre-ville toutes le 15 minutes. (60kms)<br \/>\nGare routi\u00e8re Avignon Centre \u2013 Boulevard Saint Roch 84000 Avignon (65kms)<br \/>\nGare TER Pertuis &#8211; Avenue Pierre Semard, 84120 Pertuis (25kms)<\/p>\n<p><a href=\"http:\/\/www.luberoncotesud.com\/Portals\/285\/Documents\/Acc%C3%A8s%20et%20Transport\/FH_12_Marseille_Aix_Pertuis_V3_Dec2013_TER.pdf\">Horaires TER Marseille-Aix-en-Provence-Meyrargues-Pertuis<\/a><\/p>\n<h3>En\u00a0bus:<\/h3>\n<p>Des navettes depuis les gare TGV d&rsquo;Aix-en-provence vous am\u00e8ne \u00e0 la gare routi\u00e8re puis le bus 9.1 passe par Lauris.<\/p>\n<p>Pour plus d\u2019informations :<b><a href=\"http:\/\/www.vaucluse.fr\/\"> www.vaucluse.fr<\/a><\/b><\/p>\n<h3>En avion:<\/h3>\n<p>A\u00e9roport Marseille Provence MP<br \/>\n<a href=\"http:\/\/www.marseille-aeroport.fr\/\">www.marseille-aeroport.fr <\/a><\/p>\n<p>A\u00e9roport Marseille Provence MP2<br \/>\n<a href=\"http:\/\/www.mp2.aeroport.fr\/\">www.mp2.aeroport.fr<\/a><\/p>\n<p>A\u00e9roport Avignon-Caumont<br \/>\n<a href=\"http:\/\/www.aeroport.avignon.fr\/\">www.aeroport.avignon.fr\u00a0 <\/a><\/p>\n<p>Navettes A\u00e9roport Marseille Provence\/Gare Aix-TGV\/Aix en Provence (centre-ville)<br \/>\nTous les jours, toutes les 30 mn \u2013 Dur\u00e9e du trajet 30 minutes environ (Aix centre)<\/p>\n<h3>En taxi:<\/h3>\n<p>Taxi JOEL CASSAR<br \/>\nTous transports, toutes distances, transport m\u00e9dical<br \/>\nV\u00e9hicule tout confort, climatis\u00e9<br \/>\nTel\u00a0: 06 19 09 88 46<\/p>\n<p><b><a href=\"http:\/\/www.pagesjaunes.fr\/pros\/06371038#onglet-infos\">Taxi Transport Laurisien Minibus<br \/>\n<\/a><\/b>T\u00e9l\u00a0: 04 90 08 39 26<\/p>\n<p>&nbsp;<\/p>\n<p>&nbsp;<\/p>\n<p>&nbsp;<\/p>","protected":false},"excerpt":{"rendered":"","protected":false},"author":2,"featured_media":0,"parent":0,"menu_order":0,"comment_status":"closed","ping_status":"open","template":"","meta":{"footnotes":""},"class_list":["post-86","page","type-page","status-publish","hentry"],"aioseo_notices":[],"_links":{"self":[{"href":"https:\/\/www.legrandjardindelisabeth.com\/site\/wp-json\/wp\/v2\/pages\/86","targetHints":{"allow":["GET"]}}],"collection":[{"href":"https:\/\/www.legrandjardindelisabeth.com\/site\/wp-json\/wp\/v2\/pages"}],"about":[{"href":"https:\/\/www.legrandjardindelisabeth.com\/site\/wp-json\/wp\/v2\/types\/page"}],"author":[{"embeddable":true,"href":"https:\/\/www.legrandjardindelisabeth.com\/site\/wp-json\/wp\/v2\/users\/2"}],"replies":[{"embeddable":true,"href":"https:\/\/www.legrandjardindelisabeth.com\/site\/wp-json\/wp\/v2\/comments?post=86"}],"version-history":[{"count":7,"href":"https:\/\/www.legrandjardindelisabeth.com\/site\/wp-json\/wp\/v2\/pages\/86\/revisions"}],"predecessor-version":[{"id":1014,"href":"https:\/\/www.legrandjardindelisabeth.com\/site\/wp-json\/wp\/v2\/pages\/86\/revisions\/1014"}],"wp:attachment":[{"href":"https:\/\/www.legrandjardindelisabeth.com\/site\/wp-json\/wp\/v2\/media?parent=86"}],"curies":[{"name":"wp","href":"https:\/\/api.w.org\/{rel}","templated":true}]}}