
{"id":455,"date":"2015-09-08T21:27:31","date_gmt":"2015-09-08T20:27:31","guid":{"rendered":"https:\/\/www.legrandjardindelisabeth.com\/site\/?page_id=455"},"modified":"2016-01-08T13:16:16","modified_gmt":"2016-01-08T12:16:16","slug":"mentions-legales","status":"publish","type":"page","link":"https:\/\/www.legrandjardindelisabeth.com\/site\/mentions-legales\/?lang=fr","title":{"rendered":"Mentions l\u00e9gales"},"content":{"rendered":"<p>En vertu de l&rsquo;article 6 de la loi n\u00b0 2004-575 du 21 juin 2004 pour la confiance dans l&rsquo;\u00e9conomie num\u00e9rique, il est pr\u00e9cis\u00e9 aux utilisateurs du site\u00a0<a href=\"https:\/\/www.legrandjardindelisabeth.com\">https:\/\/www.legrandjardindelisabeth.com<\/a>\u00a0l&rsquo;identit\u00e9 des diff\u00e9rents intervenants dans le cadre de sa r\u00e9alisation et de son suivi :<\/p>\n<p><strong>Propri\u00e9taire<\/strong>\u00a0: Fink Elisabeth \u00a095 Avenue de la Gare \u00a0\u00a084360 LAURIS T\u00e9l : + 33 4 90 08 40 48 Mobile : + 33 6 52 92 50 58 Mail : e.fink@free.fr<\/p>\n<p><strong>Immatriculation au RCS<\/strong> : 537 855 637 R.C.S. Avignon<\/p>\n<p><strong>Nom Commercial<\/strong> : LE GRAND JARDIN D&rsquo;ELISABETH<\/p>\n<p><strong>N\u00b0 de T.V.A. intracommunautaire<\/strong> :\u00a0FR 53 537 855 637<\/p>\n<p><strong>Cr\u00e9ateur<\/strong>\u00a0<strong>du site<\/strong> :\u00a0Vincent Reynier<\/p>\n<p><strong>Responsable publication<\/strong>\u00a0:\u00a0Elisabeth Fink<\/p>\n<p><strong>H\u00e9bergeur<\/strong>\u00a0: OVH \u2013 Si\u00e8ge social : 2 rue Kellermann &#8211; 59100 Roubaix &#8211; France \u00a0T\u00e9l :\u00a0+33 9 72 10 10 07<\/p>\n<p>&nbsp;<\/p>\n<p>&nbsp;<\/p>","protected":false},"excerpt":{"rendered":"<p>En vertu de l&rsquo;article 6 de la loi n\u00b0 2004-575 du 21 juin 2004 pour la confiance dans l&rsquo;\u00e9conomie num\u00e9rique, il est pr\u00e9cis\u00e9 aux utilisateurs du site\u00a0https:\/\/www.legrandjardindelisabeth.com\u00a0l&rsquo;identit\u00e9 des diff\u00e9rents intervenants dans le cadre de sa r\u00e9alisation et de son suivi : Propri\u00e9taire\u00a0: Fink Elisabeth \u00a095 Avenue de la Gare \u00a0\u00a084360 LAURIS T\u00e9l : + 33 &#8230; <a class=\"read-more\" href=\"https:\/\/www.legrandjardindelisabeth.com\/site\/mentions-legales\/?lang=fr\">Lire plus&#8230;<\/a><\/p>\n","protected":false},"author":1,"featured_media":0,"parent":0,"menu_order":0,"comment_status":"closed","ping_status":"closed","template":"","meta":{"footnotes":""},"class_list":["post-455","page","type-page","status-publish","hentry"],"aioseo_notices":[],"_links":{"self":[{"href":"https:\/\/www.legrandjardindelisabeth.com\/site\/wp-json\/wp\/v2\/pages\/455","targetHints":{"allow":["GET"]}}],"collection":[{"href":"https:\/\/www.legrandjardindelisabeth.com\/site\/wp-json\/wp\/v2\/pages"}],"about":[{"href":"https:\/\/www.legrandjardindelisabeth.com\/site\/wp-json\/wp\/v2\/types\/page"}],"author":[{"embeddable":true,"href":"https:\/\/www.legrandjardindelisabeth.com\/site\/wp-json\/wp\/v2\/users\/1"}],"replies":[{"embeddable":true,"href":"https:\/\/www.legrandjardindelisabeth.com\/site\/wp-json\/wp\/v2\/comments?post=455"}],"version-history":[{"count":4,"href":"https:\/\/www.legrandjardindelisabeth.com\/site\/wp-json\/wp\/v2\/pages\/455\/revisions"}],"predecessor-version":[{"id":1376,"href":"https:\/\/www.legrandjardindelisabeth.com\/site\/wp-json\/wp\/v2\/pages\/455\/revisions\/1376"}],"wp:attachment":[{"href":"https:\/\/www.legrandjardindelisabeth.com\/site\/wp-json\/wp\/v2\/media?parent=455"}],"curies":[{"name":"wp","href":"https:\/\/api.w.org\/{rel}","templated":true}]}}