
{"id":44,"date":"2015-02-27T09:56:25","date_gmt":"2015-02-27T08:56:25","guid":{"rendered":"https:\/\/www.legrandjardindelisabeth.com\/site\/?page_id=44"},"modified":"2022-01-12T15:16:39","modified_gmt":"2022-01-12T14:16:39","slug":"cours-de-cuisine","status":"publish","type":"page","link":"https:\/\/www.legrandjardindelisabeth.com\/site\/bien-etre-alimentaire\/cours-de-cuisine\/?lang=fr","title":{"rendered":"Cours de cuisine"},"content":{"rendered":"<p>\u00a0\u00bbIl ne suffit pas qu&rsquo;un aliment soit bon \u00e0 manger, encore faut-il qu&rsquo;il soit bon \u00e0 penser\u00a0\u00bb (Claude L\u00e9vi-Strauss): Mes cours de cuisine sont bas\u00e9s sur le plaisir alimentaire, essentiel dans une relation saine aux aliments.<\/p>\n<p>La Provence est un paradis pour celui qui aime cuisiner mais aussi pour celui qui aime bien manger. On y trouve des aliments d&rsquo;une qualit\u00e9 dont un Allemand comme moi ne peut que r\u00eaver.<\/p>\n<p>J&rsquo;aimerais vous inviter \u00e0 d\u00e9couvrir ou red\u00e9couvrir la joie de cuisiner avec des produits sains et naturels de notre r\u00e9gion. Peut-\u00eatre cela vous incitera t&rsquo; il \u00e0 cr\u00e9er des mets succulents selon vos propres intuitions&#8230;.<\/p>\n<p>\n\t\t<style type=\"text\/css\">\n\t\t\t#gallery-1 {\n\t\t\t\tmargin: auto;\n\t\t\t}\n\t\t\t#gallery-1 .gallery-item {\n\t\t\t\tfloat: left;\n\t\t\t\tmargin-top: 10px;\n\t\t\t\ttext-align: center;\n\t\t\t\twidth: 33%;\n\t\t\t}\n\t\t\t#gallery-1 img {\n\t\t\t\tborder: 2px solid #cfcfcf;\n\t\t\t}\n\t\t\t#gallery-1 .gallery-caption {\n\t\t\t\tmargin-left: 0;\n\t\t\t}\n\t\t\t\/* see gallery_shortcode() in wp-includes\/media.php *\/\n\t\t<\/style>\n\t\t<div id='gallery-1' class='gallery galleryid-44 gallery-columns-3 gallery-size-thumbnail'><dl class='gallery-item'>\n\t\t\t<dt class='gallery-icon landscape'>\n\t\t\t\t<a href='https:\/\/www.legrandjardindelisabeth.com\/site\/atelier-de-cuisine\/'><img loading=\"lazy\" decoding=\"async\" width=\"150\" height=\"150\" src=\"https:\/\/www.legrandjardindelisabeth.com\/site\/wp-content\/uploads\/2022\/01\/Atelier-de-cuisine-150x150.jpg\" class=\"attachment-thumbnail size-thumbnail\" alt=\"\" aria-describedby=\"gallery-1-1526\" srcset=\"https:\/\/www.legrandjardindelisabeth.com\/site\/wp-content\/uploads\/2022\/01\/Atelier-de-cuisine-150x150.jpg 150w, https:\/\/www.legrandjardindelisabeth.com\/site\/wp-content\/uploads\/2022\/01\/Atelier-de-cuisine-300x300.jpg 300w, https:\/\/www.legrandjardindelisabeth.com\/site\/wp-content\/uploads\/2022\/01\/Atelier-de-cuisine-1024x1024.jpg 1024w, https:\/\/www.legrandjardindelisabeth.com\/site\/wp-content\/uploads\/2022\/01\/Atelier-de-cuisine-60x60.jpg 60w, https:\/\/www.legrandjardindelisabeth.com\/site\/wp-content\/uploads\/2022\/01\/Atelier-de-cuisine-1200x1200.jpg 1200w\" sizes=\"auto, (max-width: 150px) 100vw, 150px\" \/><\/a>\n\t\t\t<\/dt>\n\t\t\t\t<dd class='wp-caption-text gallery-caption' id='gallery-1-1526'>\n\t\t\t\tAtelier de confection de g\u00e2teaux de No\u00ebl\n\t\t\t\t<\/dd><\/dl><dl class='gallery-item'>\n\t\t\t<dt class='gallery-icon landscape'>\n\t\t\t\t<a href='https:\/\/www.legrandjardindelisabeth.com\/site\/atelier-de-fabrication-de-pain\/'><img loading=\"lazy\" decoding=\"async\" width=\"150\" height=\"150\" src=\"https:\/\/www.legrandjardindelisabeth.com\/site\/wp-content\/uploads\/2022\/01\/Atelier-de-fabrication-de-pain-150x150.jpg\" class=\"attachment-thumbnail size-thumbnail\" alt=\"\" aria-describedby=\"gallery-1-1524\" srcset=\"https:\/\/www.legrandjardindelisabeth.com\/site\/wp-content\/uploads\/2022\/01\/Atelier-de-fabrication-de-pain-150x150.jpg 150w, https:\/\/www.legrandjardindelisabeth.com\/site\/wp-content\/uploads\/2022\/01\/Atelier-de-fabrication-de-pain-300x300.jpg 300w, https:\/\/www.legrandjardindelisabeth.com\/site\/wp-content\/uploads\/2022\/01\/Atelier-de-fabrication-de-pain-1024x1024.jpg 1024w, https:\/\/www.legrandjardindelisabeth.com\/site\/wp-content\/uploads\/2022\/01\/Atelier-de-fabrication-de-pain-60x60.jpg 60w, https:\/\/www.legrandjardindelisabeth.com\/site\/wp-content\/uploads\/2022\/01\/Atelier-de-fabrication-de-pain-1200x1200.jpg 1200w\" sizes=\"auto, (max-width: 150px) 100vw, 150px\" \/><\/a>\n\t\t\t<\/dt>\n\t\t\t\t<dd class='wp-caption-text gallery-caption' id='gallery-1-1524'>\n\t\t\t\tAtelier de fabrication de pain\n\t\t\t\t<\/dd><\/dl><dl class='gallery-item'>\n\t\t\t<dt class='gallery-icon landscape'>\n\t\t\t\t<a href='https:\/\/www.legrandjardindelisabeth.com\/site\/dsc_3085\/'><img loading=\"lazy\" decoding=\"async\" width=\"150\" height=\"150\" src=\"https:\/\/www.legrandjardindelisabeth.com\/site\/wp-content\/uploads\/2022\/01\/DSC_3085-150x150.jpg\" class=\"attachment-thumbnail size-thumbnail\" alt=\"\" aria-describedby=\"gallery-1-1509\" srcset=\"https:\/\/www.legrandjardindelisabeth.com\/site\/wp-content\/uploads\/2022\/01\/DSC_3085-150x150.jpg 150w, https:\/\/www.legrandjardindelisabeth.com\/site\/wp-content\/uploads\/2022\/01\/DSC_3085-300x300.jpg 300w, https:\/\/www.legrandjardindelisabeth.com\/site\/wp-content\/uploads\/2022\/01\/DSC_3085-1024x1024.jpg 1024w, https:\/\/www.legrandjardindelisabeth.com\/site\/wp-content\/uploads\/2022\/01\/DSC_3085-1200x1200.jpg 1200w, https:\/\/www.legrandjardindelisabeth.com\/site\/wp-content\/uploads\/2022\/01\/DSC_3085-60x60.jpg 60w\" sizes=\"auto, (max-width: 150px) 100vw, 150px\" \/><\/a>\n\t\t\t<\/dt>\n\t\t\t\t<dd class='wp-caption-text gallery-caption' id='gallery-1-1509'>\n\t\t\t\tAtelier lactofermentation\n\t\t\t\t<\/dd><\/dl><br style=\"clear: both\" \/><dl class='gallery-item'>\n\t\t\t<dt class='gallery-icon landscape'>\n\t\t\t\t<a href='https:\/\/www.legrandjardindelisabeth.com\/site\/img_5230\/'><img loading=\"lazy\" decoding=\"async\" width=\"150\" height=\"150\" src=\"https:\/\/www.legrandjardindelisabeth.com\/site\/wp-content\/uploads\/2022\/01\/IMG_5230-150x150.jpg\" class=\"attachment-thumbnail size-thumbnail\" alt=\"\" aria-describedby=\"gallery-1-1502\" srcset=\"https:\/\/www.legrandjardindelisabeth.com\/site\/wp-content\/uploads\/2022\/01\/IMG_5230-150x150.jpg 150w, https:\/\/www.legrandjardindelisabeth.com\/site\/wp-content\/uploads\/2022\/01\/IMG_5230-300x300.jpg 300w, https:\/\/www.legrandjardindelisabeth.com\/site\/wp-content\/uploads\/2022\/01\/IMG_5230-1024x1024.jpg 1024w, https:\/\/www.legrandjardindelisabeth.com\/site\/wp-content\/uploads\/2022\/01\/IMG_5230-60x60.jpg 60w, https:\/\/www.legrandjardindelisabeth.com\/site\/wp-content\/uploads\/2022\/01\/IMG_5230-1200x1200.jpg 1200w\" sizes=\"auto, (max-width: 150px) 100vw, 150px\" \/><\/a>\n\t\t\t<\/dt>\n\t\t\t\t<dd class='wp-caption-text gallery-caption' id='gallery-1-1502'>\n\t\t\t\tAtelier cuisine sauvage\n\t\t\t\t<\/dd><\/dl><dl class='gallery-item'>\n\t\t\t<dt class='gallery-icon landscape'>\n\t\t\t\t<a href='https:\/\/www.legrandjardindelisabeth.com\/site\/img_5236\/'><img loading=\"lazy\" decoding=\"async\" width=\"150\" height=\"150\" src=\"https:\/\/www.legrandjardindelisabeth.com\/site\/wp-content\/uploads\/2022\/01\/IMG_5236-150x150.jpg\" class=\"attachment-thumbnail size-thumbnail\" alt=\"\" srcset=\"https:\/\/www.legrandjardindelisabeth.com\/site\/wp-content\/uploads\/2022\/01\/IMG_5236-150x150.jpg 150w, https:\/\/www.legrandjardindelisabeth.com\/site\/wp-content\/uploads\/2022\/01\/IMG_5236-300x300.jpg 300w, https:\/\/www.legrandjardindelisabeth.com\/site\/wp-content\/uploads\/2022\/01\/IMG_5236-1024x1024.jpg 1024w, https:\/\/www.legrandjardindelisabeth.com\/site\/wp-content\/uploads\/2022\/01\/IMG_5236-60x60.jpg 60w, https:\/\/www.legrandjardindelisabeth.com\/site\/wp-content\/uploads\/2022\/01\/IMG_5236-1200x1200.jpg 1200w\" sizes=\"auto, (max-width: 150px) 100vw, 150px\" \/><\/a>\n\t\t\t<\/dt><\/dl><dl class='gallery-item'>\n\t\t\t<dt class='gallery-icon landscape'>\n\t\t\t\t<a href='https:\/\/www.legrandjardindelisabeth.com\/site\/?attachment_id=1353#main'><img loading=\"lazy\" decoding=\"async\" width=\"150\" height=\"150\" src=\"https:\/\/www.legrandjardindelisabeth.com\/site\/wp-content\/uploads\/2020\/04\/DSC_4133-150x150.jpg\" class=\"attachment-thumbnail size-thumbnail\" alt=\"\" aria-describedby=\"gallery-1-1353\" srcset=\"https:\/\/www.legrandjardindelisabeth.com\/site\/wp-content\/uploads\/2020\/04\/DSC_4133-150x150.jpg 150w, https:\/\/www.legrandjardindelisabeth.com\/site\/wp-content\/uploads\/2020\/04\/DSC_4133-300x300.jpg 300w, https:\/\/www.legrandjardindelisabeth.com\/site\/wp-content\/uploads\/2020\/04\/DSC_4133-1024x1024.jpg 1024w, https:\/\/www.legrandjardindelisabeth.com\/site\/wp-content\/uploads\/2020\/04\/DSC_4133-60x60.jpg 60w, https:\/\/www.legrandjardindelisabeth.com\/site\/wp-content\/uploads\/2020\/04\/DSC_4133-1200x1200.jpg 1200w\" sizes=\"auto, (max-width: 150px) 100vw, 150px\" \/><\/a>\n\t\t\t<\/dt>\n\t\t\t\t<dd class='wp-caption-text gallery-caption' id='gallery-1-1353'>\n\t\t\t\tAtelier cuisine sauvage\n\t\t\t\t<\/dd><\/dl><br style=\"clear: both\" \/>\n\t\t<\/div>\n<\/p>","protected":false},"excerpt":{"rendered":"<p>\u00a0\u00bbIl ne suffit pas qu&rsquo;un aliment soit bon \u00e0 manger, encore faut-il qu&rsquo;il soit bon \u00e0 penser\u00a0\u00bb (Claude L\u00e9vi-Strauss): Mes cours de cuisine sont bas\u00e9s sur le plaisir alimentaire, essentiel dans une relation saine aux aliments. La Provence est un paradis pour celui qui aime cuisiner mais aussi pour celui qui aime bien manger. On &#8230; <a class=\"read-more\" href=\"https:\/\/www.legrandjardindelisabeth.com\/site\/bien-etre-alimentaire\/cours-de-cuisine\/?lang=fr\">Lire plus&#8230;<\/a><\/p>\n","protected":false},"author":2,"featured_media":0,"parent":42,"menu_order":0,"comment_status":"closed","ping_status":"open","template":"","meta":{"footnotes":""},"class_list":["post-44","page","type-page","status-publish","hentry"],"aioseo_notices":[],"_links":{"self":[{"href":"https:\/\/www.legrandjardindelisabeth.com\/site\/wp-json\/wp\/v2\/pages\/44","targetHints":{"allow":["GET"]}}],"collection":[{"href":"https:\/\/www.legrandjardindelisabeth.com\/site\/wp-json\/wp\/v2\/pages"}],"about":[{"href":"https:\/\/www.legrandjardindelisabeth.com\/site\/wp-json\/wp\/v2\/types\/page"}],"author":[{"embeddable":true,"href":"https:\/\/www.legrandjardindelisabeth.com\/site\/wp-json\/wp\/v2\/users\/2"}],"replies":[{"embeddable":true,"href":"https:\/\/www.legrandjardindelisabeth.com\/site\/wp-json\/wp\/v2\/comments?post=44"}],"version-history":[{"count":5,"href":"https:\/\/www.legrandjardindelisabeth.com\/site\/wp-json\/wp\/v2\/pages\/44\/revisions"}],"predecessor-version":[{"id":1538,"href":"https:\/\/www.legrandjardindelisabeth.com\/site\/wp-json\/wp\/v2\/pages\/44\/revisions\/1538"}],"up":[{"embeddable":true,"href":"https:\/\/www.legrandjardindelisabeth.com\/site\/wp-json\/wp\/v2\/pages\/42"}],"wp:attachment":[{"href":"https:\/\/www.legrandjardindelisabeth.com\/site\/wp-json\/wp\/v2\/media?parent=44"}],"curies":[{"name":"wp","href":"https:\/\/api.w.org\/{rel}","templated":true}]}}