
{"id":42,"date":"2015-02-27T09:56:16","date_gmt":"2015-02-27T08:56:16","guid":{"rendered":"https:\/\/www.legrandjardindelisabeth.com\/site\/?page_id=42"},"modified":"2015-08-27T16:30:50","modified_gmt":"2015-08-27T15:30:50","slug":"bien-etre-alimentaire","status":"publish","type":"page","link":"https:\/\/www.legrandjardindelisabeth.com\/site\/bien-etre-alimentaire\/?lang=fr","title":{"rendered":"Bien-\u00eatre alimentaire"},"content":{"rendered":"<p>Je n&rsquo;oublierai jamais le go\u00fbt et le parfum des plats pr\u00e9par\u00e9s par ma grand-m\u00e8re avec tant d&rsquo;amour. Pour moi c&rsquo;est un patrimoine tr\u00e8s cher qui a profond\u00e9ment influenc\u00e9 ma relation avec la nourriture. Un bon repas ne nourrit pas seulement le corps mais aussi l\u2019esprit.<\/p>\n<p>&nbsp;<\/p>","protected":false},"excerpt":{"rendered":"<p>Je n&rsquo;oublierai jamais le go\u00fbt et le parfum des plats pr\u00e9par\u00e9s par ma grand-m\u00e8re avec tant d&rsquo;amour. Pour moi c&rsquo;est un patrimoine tr\u00e8s cher qui a profond\u00e9ment influenc\u00e9 ma relation avec la nourriture. Un bon repas ne nourrit pas seulement le corps mais aussi l\u2019esprit. &nbsp;<\/p>\n","protected":false},"author":2,"featured_media":0,"parent":0,"menu_order":0,"comment_status":"closed","ping_status":"open","template":"","meta":{"footnotes":""},"class_list":["post-42","page","type-page","status-publish","hentry"],"aioseo_notices":[],"_links":{"self":[{"href":"https:\/\/www.legrandjardindelisabeth.com\/site\/wp-json\/wp\/v2\/pages\/42","targetHints":{"allow":["GET"]}}],"collection":[{"href":"https:\/\/www.legrandjardindelisabeth.com\/site\/wp-json\/wp\/v2\/pages"}],"about":[{"href":"https:\/\/www.legrandjardindelisabeth.com\/site\/wp-json\/wp\/v2\/types\/page"}],"author":[{"embeddable":true,"href":"https:\/\/www.legrandjardindelisabeth.com\/site\/wp-json\/wp\/v2\/users\/2"}],"replies":[{"embeddable":true,"href":"https:\/\/www.legrandjardindelisabeth.com\/site\/wp-json\/wp\/v2\/comments?post=42"}],"version-history":[{"count":9,"href":"https:\/\/www.legrandjardindelisabeth.com\/site\/wp-json\/wp\/v2\/pages\/42\/revisions"}],"predecessor-version":[{"id":412,"href":"https:\/\/www.legrandjardindelisabeth.com\/site\/wp-json\/wp\/v2\/pages\/42\/revisions\/412"}],"wp:attachment":[{"href":"https:\/\/www.legrandjardindelisabeth.com\/site\/wp-json\/wp\/v2\/media?parent=42"}],"curies":[{"name":"wp","href":"https:\/\/api.w.org\/{rel}","templated":true}]}}