
{"id":400,"date":"2015-06-23T12:25:27","date_gmt":"2015-06-23T11:25:27","guid":{"rendered":"https:\/\/www.legrandjardindelisabeth.com\/site\/?page_id=400"},"modified":"2016-01-11T20:39:11","modified_gmt":"2016-01-11T19:39:11","slug":"eco-renovation","status":"publish","type":"page","link":"https:\/\/www.legrandjardindelisabeth.com\/site\/eco-renovation\/?lang=fr","title":{"rendered":"Eco-r\u00e9novation"},"content":{"rendered":"<p>Pendant des ann\u00e9es nous avions une grande chemin\u00e9e dans la pi\u00e8ce commune. Tr\u00e8s imposante, elle avait une fonction d\u00e9corative, mais \u00e9tait particuli\u00e8rement inefficace en ce qui concerne le chauffage.<\/p>\n<p>Le principe du po\u00eale de masse (aussi appel\u00e9 po\u00eale r\u00e9fractaire ou accumulateur) est peu connu en France, \u00e0 part en Alsace, mais c\u2019est un moyen \u00e9conomique, \u00e9cologique et efficace pour chauffer la maison.<\/p>\n<p>Nous avons donc d\u00e9cid\u00e9 de nous d\u00e9barrasser de la chemin\u00e9e en pierre existante et de construire un po\u00eale de masse \u00e0 la place.<\/p>\n<p>Un tel po\u00eale est construit avec des mat\u00e9riaux r\u00e9fractaires qui conservent la chaleur. Le foyer est entour\u00e9 de pierres ma\u00e7onn\u00e9es et muni d\u2019un syst\u00e8me d\u2019\u00e9vacuation des fum\u00e9es.<\/p>\n<p>L\u2019un des \u00e9l\u00e9ments cl\u00e9s est le fait qu\u2019une fois chauff\u00e9, gr\u00e2ce aux briques r\u00e9fractaires, il conserve la chaleur et la restitue progressivement. Un po\u00eale de masse peut chauffer la maison enti\u00e8re et en g\u00e9n\u00e9ral, avec une flamb\u00e9e, on peut obtenir 18 \u00e0 36 heures de chaleur, selon la taille du po\u00eale.<\/p>\n<p>Quand nous habitions encore en Allemagne, il m\u2019arrivait souvent de fabriquer les carreaux de fa\u00efence traditionnellement utilis\u00e9s pour l\u2019habillage de ce type de po\u00eale. C\u2019est comme \u00e7a que je connais mon ancien coll\u00e8gue et ami Stefan Ziegler qui est aujourd\u2019hui sp\u00e9cialis\u00e9 dans la construction de syst\u00e8mes de chauffage.<\/p>\n<p>Etant donn\u00e9 qu\u2019il est bas\u00e9 en Allemagne, je l\u2019ai invit\u00e9 \u00e0 passer quelque temps dans le Sud de la France l\u2019\u00e9t\u00e9 dernier, non seulement pour construire le po\u00eale, mais aussi pour initier les int\u00e9ress\u00e9s au processus.<\/p>\n<p>Les \u00e9tapes de la construction du po\u00eale\u00a0:<\/p>\n<p>La premi\u00e8re \u00e9tape du projet \u00e9tait de se d\u00e9barrasser de la chemin\u00e9e qui pesait au del\u00e0 de deux tonnes. Les ma\u00e7ons ont donc cass\u00e9 les pierres et se sont charg\u00e9s de les transporter une par une au jardin o\u00f9 elles seront r\u00e9utilis\u00e9es en tant que tables et bancs.<\/p>\n<p>Une fois ce travail termin\u00e9, Stefan a pu commencer le projet.<\/p>\n<p>Tout d\u2019abord, il a fallu qu\u2019il dessine les plans du po\u00eale, en accord avec l\u2019architecture de la maison. Un tel po\u00eale doit bien s\u00fbr \u00eatre adapt\u00e9 au design de la pi\u00e8ce dans laquelle il se trouve, mais surtout \u00eatre adapt\u00e9 \u00e0 la taille de la ou des pi\u00e8ce(s) qu\u2019il doit chauffer. De ce fait, il est n\u00e9cessaire d\u2019adapter la taille g\u00e9n\u00e9rale du po\u00eale afin d\u2019obtenir une surface rayonnante plus ou moins grande, mais aussi la longueur et le diam\u00e8tre des conduits de fum\u00e9e par exemple.<\/p>\n<p>&nbsp;<\/p>\n<p><img loading=\"lazy\" decoding=\"async\" class=\"alignnone size-full wp-image-493\" src=\"https:\/\/www.legrandjardindelisabeth.com\/site\/wp-content\/uploads\/2015\/12\/DSC_1221.jpg\" alt=\"DSC_1221\" width=\"3872\" height=\"2592\" srcset=\"https:\/\/www.legrandjardindelisabeth.com\/site\/wp-content\/uploads\/2015\/12\/DSC_1221.jpg 3872w, https:\/\/www.legrandjardindelisabeth.com\/site\/wp-content\/uploads\/2015\/12\/DSC_1221-768x514.jpg 768w\" sizes=\"auto, (max-width: 3872px) 100vw, 3872px\" \/> <img loading=\"lazy\" decoding=\"async\" class=\"alignnone size-full wp-image-494\" src=\"https:\/\/www.legrandjardindelisabeth.com\/site\/wp-content\/uploads\/2015\/12\/Num\u00e9riser-15.jpeg\" alt=\"Num\u00e9riser 15\" width=\"3276\" height=\"1964\" srcset=\"https:\/\/www.legrandjardindelisabeth.com\/site\/wp-content\/uploads\/2015\/12\/Num\u00e9riser-15.jpeg 3276w, https:\/\/www.legrandjardindelisabeth.com\/site\/wp-content\/uploads\/2015\/12\/Num\u00e9riser-15-768x460.jpeg 768w\" sizes=\"auto, (max-width: 3276px) 100vw, 3276px\" \/><\/p>\n<p>Ensuite, \u00e0 l\u2019aide de quelques amis volontaires, Stefan s\u2019est attel\u00e9 \u00e0 la phase de construction dont vous pouvez voir les \u00e9tapes dans la vid\u00e9o suivante\u00a0:<\/p>\n<div style=\"width: 1200px;\" class=\"wp-video\"><video class=\"wp-video-shortcode\" id=\"video-400-1\" width=\"1200\" height=\"675\" preload=\"metadata\" controls=\"controls\"><source type=\"video\/mp4\" src=\"https:\/\/www.legrandjardindelisabeth.com\/site\/wp-content\/uploads\/2016\/01\/Po\u00eale-de-Masse-vid\u00e9o-finale1.mp4?_=1\" \/><a href=\"https:\/\/www.legrandjardindelisabeth.com\/site\/wp-content\/uploads\/2016\/01\/Po\u00eale-de-Masse-vid\u00e9o-finale1.mp4\">https:\/\/www.legrandjardindelisabeth.com\/site\/wp-content\/uploads\/2016\/01\/Po\u00eale-de-Masse-vid\u00e9o-finale1.mp4<\/a><\/video><\/div>\n<p>Si vous \u00eates int\u00e9ress\u00e9s par son travail, je vous invite \u00e0 venir voir son <a href=\"http:\/\/www.ziegler-kachelofenbau.de\/\" target=\"_blank\">site internet<\/a>\u00a0: Stefan ne construit pas seulement des po\u00eales accumulateurs, mais aussi des cuisini\u00e8res, des chemin\u00e9es et des po\u00eales r\u00e9fractaires comportant un syst\u00e8me de chauffage d\u2019eau pour la maison.<\/p>","protected":false},"excerpt":{"rendered":"<p>Pendant des ann\u00e9es nous avions une grande chemin\u00e9e dans la pi\u00e8ce commune. Tr\u00e8s imposante, elle avait une fonction d\u00e9corative, mais \u00e9tait particuli\u00e8rement inefficace en ce qui concerne le chauffage. Le principe du po\u00eale de masse (aussi appel\u00e9 po\u00eale r\u00e9fractaire ou accumulateur) est peu connu en France, \u00e0 part en Alsace, mais c\u2019est un moyen \u00e9conomique, &#8230; <a class=\"read-more\" href=\"https:\/\/www.legrandjardindelisabeth.com\/site\/eco-renovation\/?lang=fr\">Lire plus&#8230;<\/a><\/p>\n","protected":false},"author":1,"featured_media":0,"parent":0,"menu_order":0,"comment_status":"closed","ping_status":"open","template":"","meta":{"footnotes":""},"class_list":["post-400","page","type-page","status-publish","hentry"],"aioseo_notices":[],"_links":{"self":[{"href":"https:\/\/www.legrandjardindelisabeth.com\/site\/wp-json\/wp\/v2\/pages\/400","targetHints":{"allow":["GET"]}}],"collection":[{"href":"https:\/\/www.legrandjardindelisabeth.com\/site\/wp-json\/wp\/v2\/pages"}],"about":[{"href":"https:\/\/www.legrandjardindelisabeth.com\/site\/wp-json\/wp\/v2\/types\/page"}],"author":[{"embeddable":true,"href":"https:\/\/www.legrandjardindelisabeth.com\/site\/wp-json\/wp\/v2\/users\/1"}],"replies":[{"embeddable":true,"href":"https:\/\/www.legrandjardindelisabeth.com\/site\/wp-json\/wp\/v2\/comments?post=400"}],"version-history":[{"count":2,"href":"https:\/\/www.legrandjardindelisabeth.com\/site\/wp-json\/wp\/v2\/pages\/400\/revisions"}],"predecessor-version":[{"id":499,"href":"https:\/\/www.legrandjardindelisabeth.com\/site\/wp-json\/wp\/v2\/pages\/400\/revisions\/499"}],"wp:attachment":[{"href":"https:\/\/www.legrandjardindelisabeth.com\/site\/wp-json\/wp\/v2\/media?parent=400"}],"curies":[{"name":"wp","href":"https:\/\/api.w.org\/{rel}","templated":true}]}}