
{"id":38,"date":"2015-02-27T09:55:51","date_gmt":"2015-02-27T08:55:51","guid":{"rendered":"https:\/\/www.legrandjardindelisabeth.com\/site\/?page_id=38"},"modified":"2022-03-14T16:20:55","modified_gmt":"2022-03-14T15:20:55","slug":"tarifs","status":"publish","type":"page","link":"https:\/\/www.legrandjardindelisabeth.com\/site\/location-de-salle\/tarifs\/?lang=fr","title":{"rendered":"Tarifs de location"},"content":{"rendered":"<p><a href=\"https:\/\/www.legrandjardindelisabeth.com\/site\/wp-content\/uploads\/2022\/03\/Grille-tarifaire-2022-Internet.png\"><img loading=\"lazy\" decoding=\"async\" class=\"aligncenter wp-image-1569\" src=\"https:\/\/www.legrandjardindelisabeth.com\/site\/wp-content\/uploads\/2022\/03\/Grille-tarifaire-2022-Internet-1024x1024.png\" alt=\"\" width=\"1132\" height=\"800\" srcset=\"https:\/\/www.legrandjardindelisabeth.com\/site\/wp-content\/uploads\/2022\/03\/Grille-tarifaire-2022-Internet-768x542.png 768w, https:\/\/www.legrandjardindelisabeth.com\/site\/wp-content\/uploads\/2022\/03\/Grille-tarifaire-2022-Internet-1320x932.png 1320w\" sizes=\"auto, (max-width: 1132px) 100vw, 1132px\" \/><\/a>Les prix indiqu\u00e9s sont T.T.C. (toutes taxes comprises).<\/p>\n<h4><strong>Inclus dans les diff\u00e9rents tarifs\u00a0: <\/strong><\/h4>\n<ul>\n<li>La mise \u00e0 disposition de tables et de chaises<\/li>\n<li>Chauffage, gaz, \u00e9lectricit\u00e9 et eau.<\/li>\n<\/ul>\n<p>Si vous voulez ajouter des installations \u00e9lectriques (sono, projecteurs etc.), la consommation suppl\u00e9mentaire sera factur\u00e9e.<\/p>\n<p>Si votre activit\u00e9 demande une consommation \u00e9lev\u00e9e d\u2019eau, nous nous r\u00e9servons le droit de vous la facturer.<\/p>\n<p><strong>Demande de devis<\/strong><strong>\u00a0<\/strong><\/p>\n<p>Nous vous prions de bien vouloir nous indiquer<\/p>\n<ul>\n<li>les espaces demand\u00e9s<\/li>\n<li>la\/les date(s) et les horaires souhait\u00e9s<\/li>\n<li>l\u2019estimation du nombre de participants<\/li>\n<\/ul>\n<p>Pour les activit\u00e9s r\u00e9mun\u00e9r\u00e9es\u00a0veuillez nous indiquer :<\/p>\n<ul>\n<li>les conditions financi\u00e8res de l\u2019activit\u00e9<\/li>\n<li>le montant des r\u00e9mun\u00e9rations<\/li>\n<li>la raison sociale<\/li>\n<li>la th\u00e9matique de l\u2019activit\u00e9<\/li>\n<li>le prix<\/li>\n<\/ul>\n<p>Toutes ces donn\u00e9es nous permettrons de calculer le prix.<\/p>\n<p>Notre adresse mail: contact@legrandjardindelisabeth.com<\/p>\n<p>&nbsp;<\/p>\n<p><strong>Conditions g\u00e9n\u00e9rales\u00a0<\/strong><\/p>\n<h5><strong>R\u00e9servation :<\/strong><\/h5>\n<ul>\n<li>acompte de 30% \u00e0 la signature du contrat de location<\/li>\n<li>solde 15 jours avant le d\u00e9but de la location<\/li>\n<\/ul>\n<h5><strong>Annulation :<\/strong><\/h5>\n<ul>\n<li>jusqu&rsquo;\u00e0 15 jours avant\u00a0: l&rsquo;acompte de r\u00e9servation reste d\u00fb.<\/li>\n<li>apr\u00e8s ce d\u00e9lai, 80% de la somme globale seront conserv\u00e9s.<\/li>\n<\/ul>\n<h5><strong>Caution\u00a0:<\/strong><\/h5>\n<p>Le montant de la caution d\u00e9pend de la dur\u00e9e de la location et des risques li\u00e9s \u00e0 l\u2019activit\u00e9. Il\u00a0varie entre 100 et 1200 \u20ac. La caution vous est restitu\u00e9e au plus tard 7 jours apr\u00e8s la location de la salle.<\/p>\n<h5><strong>Assurance\u00a0:<\/strong><\/h5>\n<p>Une assurance couvrant les risques locatifs et une responsabilit\u00e9 civile (accidents et incendies) pour dommage caus\u00e9 au tiers, est \u00e0 fournir \u00e0 la signature du contrat de location.<\/p>\n<p>Les diff\u00e9rents espaces sont propres \u00e0 la remise, ils sont \u00e0 rendre dans le m\u00eame \u00e9tat. Nous comptons sur la coop\u00e9ration des locataires.<\/p>\n<p>Des tables et des chaises sont mises \u00e0 disposition, elles sont \u00e0 ranger \u00e0 la fin de la location.<\/p>\n<p>Si vous ne pouvez pas assurer le m\u00e9nage de fin de location, nous vous proposons un service m\u00e9nage.<\/p>\n<p>Utilisation des espaces ext\u00e9rieurs\u00a0est possible mais elle est soumise \u00e0 des conditions.<\/p>\n<p>Les tarifs sont calcul\u00e9s au plus juste pour permettre une autonomie du lieu. Ils sont \u00e9chelonn\u00e9s pour qu\u2019un maximum de personnes puisse d\u2019en profiter.<\/p>\n<p>Le lieu nous tient \u00e0 c\u0153ur et nous vous prions de le respecter.<\/p>","protected":false},"excerpt":{"rendered":"<p>Les prix indiqu\u00e9s sont T.T.C. (toutes taxes comprises). Inclus dans les diff\u00e9rents tarifs\u00a0: La mise \u00e0 disposition de tables et de chaises Chauffage, gaz, \u00e9lectricit\u00e9 et eau. Si vous voulez ajouter des installations \u00e9lectriques (sono, projecteurs etc.), la consommation suppl\u00e9mentaire sera factur\u00e9e. Si votre activit\u00e9 demande une consommation \u00e9lev\u00e9e d\u2019eau, nous nous r\u00e9servons le droit &#8230; <a class=\"read-more\" href=\"https:\/\/www.legrandjardindelisabeth.com\/site\/location-de-salle\/tarifs\/?lang=fr\">Lire plus&#8230;<\/a><\/p>\n","protected":false},"author":2,"featured_media":0,"parent":32,"menu_order":0,"comment_status":"closed","ping_status":"open","template":"","meta":{"footnotes":""},"class_list":["post-38","page","type-page","status-publish","hentry"],"aioseo_notices":[],"_links":{"self":[{"href":"https:\/\/www.legrandjardindelisabeth.com\/site\/wp-json\/wp\/v2\/pages\/38","targetHints":{"allow":["GET"]}}],"collection":[{"href":"https:\/\/www.legrandjardindelisabeth.com\/site\/wp-json\/wp\/v2\/pages"}],"about":[{"href":"https:\/\/www.legrandjardindelisabeth.com\/site\/wp-json\/wp\/v2\/types\/page"}],"author":[{"embeddable":true,"href":"https:\/\/www.legrandjardindelisabeth.com\/site\/wp-json\/wp\/v2\/users\/2"}],"replies":[{"embeddable":true,"href":"https:\/\/www.legrandjardindelisabeth.com\/site\/wp-json\/wp\/v2\/comments?post=38"}],"version-history":[{"count":32,"href":"https:\/\/www.legrandjardindelisabeth.com\/site\/wp-json\/wp\/v2\/pages\/38\/revisions"}],"predecessor-version":[{"id":1571,"href":"https:\/\/www.legrandjardindelisabeth.com\/site\/wp-json\/wp\/v2\/pages\/38\/revisions\/1571"}],"up":[{"embeddable":true,"href":"https:\/\/www.legrandjardindelisabeth.com\/site\/wp-json\/wp\/v2\/pages\/32"}],"wp:attachment":[{"href":"https:\/\/www.legrandjardindelisabeth.com\/site\/wp-json\/wp\/v2\/media?parent=38"}],"curies":[{"name":"wp","href":"https:\/\/api.w.org\/{rel}","templated":true}]}}