
{"id":36,"date":"2015-02-27T09:55:43","date_gmt":"2015-02-27T08:55:43","guid":{"rendered":"https:\/\/www.legrandjardindelisabeth.com\/site\/?page_id=36"},"modified":"2022-01-12T15:11:07","modified_gmt":"2022-01-12T14:11:07","slug":"salle-polyvalente","status":"publish","type":"page","link":"https:\/\/www.legrandjardindelisabeth.com\/site\/location-de-salle\/salle-polyvalente\/?lang=fr","title":{"rendered":"Salle polyvalente"},"content":{"rendered":"<p>Pour des expositions, r\u00e9ceptions, f\u00eates, conf\u00e9rences, r\u00e9unions, cours et stages nous vous proposons une salle d&rsquo;environ 60 m\u00b2 avec de grandes baies vitr\u00e9es expos\u00e9es Est\/Ouest et un plancher chauffant recouvert de parquet massif.<\/p>\n<p>Le lieu est accessible aux personnes \u00e0 mobilit\u00e9 r\u00e9duite. La capacit\u00e9 d\u2019accueil varie selon l&rsquo;activit\u00e9.<\/p>\n<p>Si vous le souhaitez nous mettons \u00e0 votre disposition des tables de conf\u00e9rence, des chaises, des cimaises pour tableaux, un vid\u00e9oprojecteur ainsi que des tables de banquet.<\/p>\n<p>Si le temps le permet vous pouvez \u00e9galement vous servir de la terrasse.<\/p>\n<p>Dans l&rsquo;objectif de transformer un local basique en un lieu accueillant et harmonieux, tout en \u00e9tant fonctionnel nous avons utilis\u00e9 les possibilit\u00e9s techniques d&rsquo;aujourd&rsquo;hui et utilis\u00e9 de la laine de bois et des plaques de fermacell pour l&rsquo;isolation thermique et phonique des murs et du plafond, install\u00e9 un plancher chauffant sur un lit de li\u00e8ge pour le confort, une chaudi\u00e8re \u00e0 granul\u00e9s, un chauffe-eau solaire et des ampoules LED pour \u00e9conomiser de l&rsquo;\u00e9nergie.<\/p>\n\n\t\t<style type=\"text\/css\">\n\t\t\t#gallery-1 {\n\t\t\t\tmargin: auto;\n\t\t\t}\n\t\t\t#gallery-1 .gallery-item {\n\t\t\t\tfloat: left;\n\t\t\t\tmargin-top: 10px;\n\t\t\t\ttext-align: center;\n\t\t\t\twidth: 33%;\n\t\t\t}\n\t\t\t#gallery-1 img {\n\t\t\t\tborder: 2px solid #cfcfcf;\n\t\t\t}\n\t\t\t#gallery-1 .gallery-caption {\n\t\t\t\tmargin-left: 0;\n\t\t\t}\n\t\t\t\/* see gallery_shortcode() in wp-includes\/media.php *\/\n\t\t<\/style>\n\t\t<div id='gallery-1' class='gallery galleryid-36 gallery-columns-3 gallery-size-thumbnail'><dl class='gallery-item'>\n\t\t\t<dt class='gallery-icon landscape'>\n\t\t\t\t<a href='https:\/\/www.legrandjardindelisabeth.com\/site\/avenue-de-la-gare-lauris\/'><img loading=\"lazy\" decoding=\"async\" width=\"150\" height=\"150\" src=\"https:\/\/www.legrandjardindelisabeth.com\/site\/wp-content\/uploads\/2022\/01\/Entr\u00e9e-du-grand-jardin-150x150.jpg\" class=\"attachment-thumbnail size-thumbnail\" alt=\"\" srcset=\"https:\/\/www.legrandjardindelisabeth.com\/site\/wp-content\/uploads\/2022\/01\/Entr\u00e9e-du-grand-jardin-150x150.jpg 150w, https:\/\/www.legrandjardindelisabeth.com\/site\/wp-content\/uploads\/2022\/01\/Entr\u00e9e-du-grand-jardin-300x300.jpg 300w, https:\/\/www.legrandjardindelisabeth.com\/site\/wp-content\/uploads\/2022\/01\/Entr\u00e9e-du-grand-jardin-1024x1024.jpg 1024w, https:\/\/www.legrandjardindelisabeth.com\/site\/wp-content\/uploads\/2022\/01\/Entr\u00e9e-du-grand-jardin-60x60.jpg 60w, https:\/\/www.legrandjardindelisabeth.com\/site\/wp-content\/uploads\/2022\/01\/Entr\u00e9e-du-grand-jardin-1200x1200.jpg 1200w\" sizes=\"auto, (max-width: 150px) 100vw, 150px\" \/><\/a>\n\t\t\t<\/dt><\/dl><dl class='gallery-item'>\n\t\t\t<dt class='gallery-icon landscape'>\n\t\t\t\t<a href='https:\/\/www.legrandjardindelisabeth.com\/site\/cours-devant-la-salle\/'><img loading=\"lazy\" decoding=\"async\" width=\"150\" height=\"150\" src=\"https:\/\/www.legrandjardindelisabeth.com\/site\/wp-content\/uploads\/2022\/01\/Cours-devant-la-salle-150x150.jpg\" class=\"attachment-thumbnail size-thumbnail\" alt=\"\" srcset=\"https:\/\/www.legrandjardindelisabeth.com\/site\/wp-content\/uploads\/2022\/01\/Cours-devant-la-salle-150x150.jpg 150w, https:\/\/www.legrandjardindelisabeth.com\/site\/wp-content\/uploads\/2022\/01\/Cours-devant-la-salle-300x300.jpg 300w, https:\/\/www.legrandjardindelisabeth.com\/site\/wp-content\/uploads\/2022\/01\/Cours-devant-la-salle-1024x1024.jpg 1024w, https:\/\/www.legrandjardindelisabeth.com\/site\/wp-content\/uploads\/2022\/01\/Cours-devant-la-salle-60x60.jpg 60w, https:\/\/www.legrandjardindelisabeth.com\/site\/wp-content\/uploads\/2022\/01\/Cours-devant-la-salle-1200x1200.jpg 1200w\" sizes=\"auto, (max-width: 150px) 100vw, 150px\" \/><\/a>\n\t\t\t<\/dt><\/dl><dl class='gallery-item'>\n\t\t\t<dt class='gallery-icon landscape'>\n\t\t\t\t<a href='https:\/\/www.legrandjardindelisabeth.com\/site\/salle1\/'><img loading=\"lazy\" decoding=\"async\" width=\"150\" height=\"150\" src=\"https:\/\/www.legrandjardindelisabeth.com\/site\/wp-content\/uploads\/2022\/01\/Salle1-150x150.jpg\" class=\"attachment-thumbnail size-thumbnail\" alt=\"\" srcset=\"https:\/\/www.legrandjardindelisabeth.com\/site\/wp-content\/uploads\/2022\/01\/Salle1-150x150.jpg 150w, https:\/\/www.legrandjardindelisabeth.com\/site\/wp-content\/uploads\/2022\/01\/Salle1-300x300.jpg 300w, https:\/\/www.legrandjardindelisabeth.com\/site\/wp-content\/uploads\/2022\/01\/Salle1-1024x1024.jpg 1024w, https:\/\/www.legrandjardindelisabeth.com\/site\/wp-content\/uploads\/2022\/01\/Salle1-60x60.jpg 60w, https:\/\/www.legrandjardindelisabeth.com\/site\/wp-content\/uploads\/2022\/01\/Salle1-1200x1200.jpg 1200w\" sizes=\"auto, (max-width: 150px) 100vw, 150px\" \/><\/a>\n\t\t\t<\/dt><\/dl><br style=\"clear: both\" \/><dl class='gallery-item'>\n\t\t\t<dt class='gallery-icon landscape'>\n\t\t\t\t<a href='https:\/\/www.legrandjardindelisabeth.com\/site\/salle2\/'><img loading=\"lazy\" decoding=\"async\" width=\"150\" height=\"150\" src=\"https:\/\/www.legrandjardindelisabeth.com\/site\/wp-content\/uploads\/2022\/01\/Salle2-150x150.jpg\" class=\"attachment-thumbnail size-thumbnail\" alt=\"\" srcset=\"https:\/\/www.legrandjardindelisabeth.com\/site\/wp-content\/uploads\/2022\/01\/Salle2-150x150.jpg 150w, https:\/\/www.legrandjardindelisabeth.com\/site\/wp-content\/uploads\/2022\/01\/Salle2-300x300.jpg 300w, https:\/\/www.legrandjardindelisabeth.com\/site\/wp-content\/uploads\/2022\/01\/Salle2-1024x1024.jpg 1024w, https:\/\/www.legrandjardindelisabeth.com\/site\/wp-content\/uploads\/2022\/01\/Salle2-60x60.jpg 60w, https:\/\/www.legrandjardindelisabeth.com\/site\/wp-content\/uploads\/2022\/01\/Salle2-1200x1200.jpg 1200w\" sizes=\"auto, (max-width: 150px) 100vw, 150px\" \/><\/a>\n\t\t\t<\/dt><\/dl><dl class='gallery-item'>\n\t\t\t<dt class='gallery-icon landscape'>\n\t\t\t\t<a href='https:\/\/www.legrandjardindelisabeth.com\/site\/martin76_original\/'><img loading=\"lazy\" decoding=\"async\" width=\"150\" height=\"150\" src=\"https:\/\/www.legrandjardindelisabeth.com\/site\/wp-content\/uploads\/2022\/01\/Martin76_Original-150x150.jpg\" class=\"attachment-thumbnail size-thumbnail\" alt=\"\" srcset=\"https:\/\/www.legrandjardindelisabeth.com\/site\/wp-content\/uploads\/2022\/01\/Martin76_Original-150x150.jpg 150w, https:\/\/www.legrandjardindelisabeth.com\/site\/wp-content\/uploads\/2022\/01\/Martin76_Original-300x300.jpg 300w, https:\/\/www.legrandjardindelisabeth.com\/site\/wp-content\/uploads\/2022\/01\/Martin76_Original-1024x1024.jpg 1024w, https:\/\/www.legrandjardindelisabeth.com\/site\/wp-content\/uploads\/2022\/01\/Martin76_Original-60x60.jpg 60w, https:\/\/www.legrandjardindelisabeth.com\/site\/wp-content\/uploads\/2022\/01\/Martin76_Original-1200x1200.jpg 1200w\" sizes=\"auto, (max-width: 150px) 100vw, 150px\" \/><\/a>\n\t\t\t<\/dt><\/dl><dl class='gallery-item'>\n\t\t\t<dt class='gallery-icon landscape'>\n\t\t\t\t<a href='https:\/\/www.legrandjardindelisabeth.com\/site\/fete-en-ete\/'><img loading=\"lazy\" decoding=\"async\" width=\"150\" height=\"150\" src=\"https:\/\/www.legrandjardindelisabeth.com\/site\/wp-content\/uploads\/2022\/01\/F\u00eate-en-\u00e9t\u00e9-150x150.jpg\" class=\"attachment-thumbnail size-thumbnail\" alt=\"\" srcset=\"https:\/\/www.legrandjardindelisabeth.com\/site\/wp-content\/uploads\/2022\/01\/F\u00eate-en-\u00e9t\u00e9-150x150.jpg 150w, https:\/\/www.legrandjardindelisabeth.com\/site\/wp-content\/uploads\/2022\/01\/F\u00eate-en-\u00e9t\u00e9-300x300.jpg 300w, https:\/\/www.legrandjardindelisabeth.com\/site\/wp-content\/uploads\/2022\/01\/F\u00eate-en-\u00e9t\u00e9-1024x1024.jpg 1024w, https:\/\/www.legrandjardindelisabeth.com\/site\/wp-content\/uploads\/2022\/01\/F\u00eate-en-\u00e9t\u00e9-60x60.jpg 60w, https:\/\/www.legrandjardindelisabeth.com\/site\/wp-content\/uploads\/2022\/01\/F\u00eate-en-\u00e9t\u00e9-1200x1200.jpg 1200w\" sizes=\"auto, (max-width: 150px) 100vw, 150px\" \/><\/a>\n\t\t\t<\/dt><\/dl><br style=\"clear: both\" \/>\n\t\t<\/div>\n\n<p>\n\t\t<style type=\"text\/css\">\n\t\t\t#gallery-2 {\n\t\t\t\tmargin: auto;\n\t\t\t}\n\t\t\t#gallery-2 .gallery-item {\n\t\t\t\tfloat: left;\n\t\t\t\tmargin-top: 10px;\n\t\t\t\ttext-align: center;\n\t\t\t\twidth: 33%;\n\t\t\t}\n\t\t\t#gallery-2 img {\n\t\t\t\tborder: 2px solid #cfcfcf;\n\t\t\t}\n\t\t\t#gallery-2 .gallery-caption {\n\t\t\t\tmargin-left: 0;\n\t\t\t}\n\t\t\t\/* see gallery_shortcode() in wp-includes\/media.php *\/\n\t\t<\/style>\n\t\t<div id='gallery-2' class='gallery galleryid-36 gallery-columns-3 gallery-size-thumbnail'><dl class='gallery-item'>\n\t\t\t<dt class='gallery-icon landscape'>\n\t\t\t\t<a href='https:\/\/www.legrandjardindelisabeth.com\/site\/expositionde-the\/'><img loading=\"lazy\" decoding=\"async\" width=\"150\" height=\"150\" src=\"https:\/\/www.legrandjardindelisabeth.com\/site\/wp-content\/uploads\/2022\/01\/Expositionde-th\u00e9-150x150.jpg\" class=\"attachment-thumbnail size-thumbnail\" alt=\"\" srcset=\"https:\/\/www.legrandjardindelisabeth.com\/site\/wp-content\/uploads\/2022\/01\/Expositionde-th\u00e9-150x150.jpg 150w, https:\/\/www.legrandjardindelisabeth.com\/site\/wp-content\/uploads\/2022\/01\/Expositionde-th\u00e9-300x300.jpg 300w, https:\/\/www.legrandjardindelisabeth.com\/site\/wp-content\/uploads\/2022\/01\/Expositionde-th\u00e9-1024x1024.jpg 1024w, https:\/\/www.legrandjardindelisabeth.com\/site\/wp-content\/uploads\/2022\/01\/Expositionde-th\u00e9-60x60.jpg 60w, https:\/\/www.legrandjardindelisabeth.com\/site\/wp-content\/uploads\/2022\/01\/Expositionde-th\u00e9-1200x1200.jpg 1200w\" sizes=\"auto, (max-width: 150px) 100vw, 150px\" \/><\/a>\n\t\t\t<\/dt><\/dl><dl class='gallery-item'>\n\t\t\t<dt class='gallery-icon landscape'>\n\t\t\t\t<a href='https:\/\/www.legrandjardindelisabeth.com\/site\/exposition-dart-textile\/'><img loading=\"lazy\" decoding=\"async\" width=\"150\" height=\"150\" src=\"https:\/\/www.legrandjardindelisabeth.com\/site\/wp-content\/uploads\/2022\/01\/Exposition-dart-textile-150x150.jpg\" class=\"attachment-thumbnail size-thumbnail\" alt=\"\" srcset=\"https:\/\/www.legrandjardindelisabeth.com\/site\/wp-content\/uploads\/2022\/01\/Exposition-dart-textile-150x150.jpg 150w, https:\/\/www.legrandjardindelisabeth.com\/site\/wp-content\/uploads\/2022\/01\/Exposition-dart-textile-300x300.jpg 300w, https:\/\/www.legrandjardindelisabeth.com\/site\/wp-content\/uploads\/2022\/01\/Exposition-dart-textile-1024x1024.jpg 1024w, https:\/\/www.legrandjardindelisabeth.com\/site\/wp-content\/uploads\/2022\/01\/Exposition-dart-textile-60x60.jpg 60w, https:\/\/www.legrandjardindelisabeth.com\/site\/wp-content\/uploads\/2022\/01\/Exposition-dart-textile-1200x1200.jpg 1200w\" sizes=\"auto, (max-width: 150px) 100vw, 150px\" \/><\/a>\n\t\t\t<\/dt><\/dl><dl class='gallery-item'>\n\t\t\t<dt class='gallery-icon landscape'>\n\t\t\t\t<a href='https:\/\/www.legrandjardindelisabeth.com\/site\/dsc_3689-2\/'><img loading=\"lazy\" decoding=\"async\" width=\"150\" height=\"150\" src=\"https:\/\/www.legrandjardindelisabeth.com\/site\/wp-content\/uploads\/2022\/01\/DSC_3689-1-150x150.jpg\" class=\"attachment-thumbnail size-thumbnail\" alt=\"\" srcset=\"https:\/\/www.legrandjardindelisabeth.com\/site\/wp-content\/uploads\/2022\/01\/DSC_3689-1-150x150.jpg 150w, https:\/\/www.legrandjardindelisabeth.com\/site\/wp-content\/uploads\/2022\/01\/DSC_3689-1-300x300.jpg 300w, https:\/\/www.legrandjardindelisabeth.com\/site\/wp-content\/uploads\/2022\/01\/DSC_3689-1-1024x1024.jpg 1024w, https:\/\/www.legrandjardindelisabeth.com\/site\/wp-content\/uploads\/2022\/01\/DSC_3689-1-1200x1200.jpg 1200w, https:\/\/www.legrandjardindelisabeth.com\/site\/wp-content\/uploads\/2022\/01\/DSC_3689-1-60x60.jpg 60w\" sizes=\"auto, (max-width: 150px) 100vw, 150px\" \/><\/a>\n\t\t\t<\/dt><\/dl><br style=\"clear: both\" \/><dl class='gallery-item'>\n\t\t\t<dt class='gallery-icon landscape'>\n\t\t\t\t<a href='https:\/\/www.legrandjardindelisabeth.com\/site\/untitled-105-2\/'><img loading=\"lazy\" decoding=\"async\" width=\"150\" height=\"150\" src=\"https:\/\/www.legrandjardindelisabeth.com\/site\/wp-content\/uploads\/2022\/01\/untitled-105-1-150x150.jpg\" class=\"attachment-thumbnail size-thumbnail\" alt=\"\" srcset=\"https:\/\/www.legrandjardindelisabeth.com\/site\/wp-content\/uploads\/2022\/01\/untitled-105-1-150x150.jpg 150w, https:\/\/www.legrandjardindelisabeth.com\/site\/wp-content\/uploads\/2022\/01\/untitled-105-1-300x300.jpg 300w, https:\/\/www.legrandjardindelisabeth.com\/site\/wp-content\/uploads\/2022\/01\/untitled-105-1-1024x1024.jpg 1024w, https:\/\/www.legrandjardindelisabeth.com\/site\/wp-content\/uploads\/2022\/01\/untitled-105-1-1200x1200.jpg 1200w, https:\/\/www.legrandjardindelisabeth.com\/site\/wp-content\/uploads\/2022\/01\/untitled-105-1-60x60.jpg 60w\" sizes=\"auto, (max-width: 150px) 100vw, 150px\" \/><\/a>\n\t\t\t<\/dt><\/dl><dl class='gallery-item'>\n\t\t\t<dt class='gallery-icon landscape'>\n\t\t\t\t<a href='https:\/\/www.legrandjardindelisabeth.com\/site\/dsc_3467-2\/'><img loading=\"lazy\" decoding=\"async\" width=\"150\" height=\"150\" src=\"https:\/\/www.legrandjardindelisabeth.com\/site\/wp-content\/uploads\/2022\/01\/DSC_3467-1-150x150.jpg\" class=\"attachment-thumbnail size-thumbnail\" alt=\"\" srcset=\"https:\/\/www.legrandjardindelisabeth.com\/site\/wp-content\/uploads\/2022\/01\/DSC_3467-1-150x150.jpg 150w, https:\/\/www.legrandjardindelisabeth.com\/site\/wp-content\/uploads\/2022\/01\/DSC_3467-1-300x300.jpg 300w, https:\/\/www.legrandjardindelisabeth.com\/site\/wp-content\/uploads\/2022\/01\/DSC_3467-1-1024x1024.jpg 1024w, https:\/\/www.legrandjardindelisabeth.com\/site\/wp-content\/uploads\/2022\/01\/DSC_3467-1-1200x1200.jpg 1200w, https:\/\/www.legrandjardindelisabeth.com\/site\/wp-content\/uploads\/2022\/01\/DSC_3467-1-60x60.jpg 60w\" sizes=\"auto, (max-width: 150px) 100vw, 150px\" \/><\/a>\n\t\t\t<\/dt><\/dl><dl class='gallery-item'>\n\t\t\t<dt class='gallery-icon landscape'>\n\t\t\t\t<a href='https:\/\/www.legrandjardindelisabeth.com\/site\/formation\/'><img loading=\"lazy\" decoding=\"async\" width=\"150\" height=\"150\" src=\"https:\/\/www.legrandjardindelisabeth.com\/site\/wp-content\/uploads\/2022\/01\/Formation-150x150.jpg\" class=\"attachment-thumbnail size-thumbnail\" alt=\"\" srcset=\"https:\/\/www.legrandjardindelisabeth.com\/site\/wp-content\/uploads\/2022\/01\/Formation-150x150.jpg 150w, https:\/\/www.legrandjardindelisabeth.com\/site\/wp-content\/uploads\/2022\/01\/Formation-300x300.jpg 300w, https:\/\/www.legrandjardindelisabeth.com\/site\/wp-content\/uploads\/2022\/01\/Formation-1024x1024.jpg 1024w, https:\/\/www.legrandjardindelisabeth.com\/site\/wp-content\/uploads\/2022\/01\/Formation-60x60.jpg 60w, https:\/\/www.legrandjardindelisabeth.com\/site\/wp-content\/uploads\/2022\/01\/Formation-1200x1200.jpg 1200w\" sizes=\"auto, (max-width: 150px) 100vw, 150px\" \/><\/a>\n\t\t\t<\/dt><\/dl><br style=\"clear: both\" \/>\n\t\t<\/div>\n<\/p>","protected":false},"excerpt":{"rendered":"<p>Pour des expositions, r\u00e9ceptions, f\u00eates, conf\u00e9rences, r\u00e9unions, cours et stages nous vous proposons une salle d&rsquo;environ 60 m\u00b2 avec de grandes baies vitr\u00e9es expos\u00e9es Est\/Ouest et un plancher chauffant recouvert de parquet massif. Le lieu est accessible aux personnes \u00e0 mobilit\u00e9 r\u00e9duite. La capacit\u00e9 d\u2019accueil varie selon l&rsquo;activit\u00e9. Si vous le souhaitez nous mettons \u00e0 &#8230; <a class=\"read-more\" href=\"https:\/\/www.legrandjardindelisabeth.com\/site\/location-de-salle\/salle-polyvalente\/?lang=fr\">Lire plus&#8230;<\/a><\/p>\n","protected":false},"author":2,"featured_media":0,"parent":32,"menu_order":0,"comment_status":"closed","ping_status":"open","template":"","meta":{"footnotes":""},"class_list":["post-36","page","type-page","status-publish","hentry"],"aioseo_notices":[],"_links":{"self":[{"href":"https:\/\/www.legrandjardindelisabeth.com\/site\/wp-json\/wp\/v2\/pages\/36","targetHints":{"allow":["GET"]}}],"collection":[{"href":"https:\/\/www.legrandjardindelisabeth.com\/site\/wp-json\/wp\/v2\/pages"}],"about":[{"href":"https:\/\/www.legrandjardindelisabeth.com\/site\/wp-json\/wp\/v2\/types\/page"}],"author":[{"embeddable":true,"href":"https:\/\/www.legrandjardindelisabeth.com\/site\/wp-json\/wp\/v2\/users\/2"}],"replies":[{"embeddable":true,"href":"https:\/\/www.legrandjardindelisabeth.com\/site\/wp-json\/wp\/v2\/comments?post=36"}],"version-history":[{"count":8,"href":"https:\/\/www.legrandjardindelisabeth.com\/site\/wp-json\/wp\/v2\/pages\/36\/revisions"}],"predecessor-version":[{"id":1537,"href":"https:\/\/www.legrandjardindelisabeth.com\/site\/wp-json\/wp\/v2\/pages\/36\/revisions\/1537"}],"up":[{"embeddable":true,"href":"https:\/\/www.legrandjardindelisabeth.com\/site\/wp-json\/wp\/v2\/pages\/32"}],"wp:attachment":[{"href":"https:\/\/www.legrandjardindelisabeth.com\/site\/wp-json\/wp\/v2\/media?parent=36"}],"curies":[{"name":"wp","href":"https:\/\/api.w.org\/{rel}","templated":true}]}}