
{"id":340,"date":"2015-05-26T10:35:51","date_gmt":"2015-05-26T09:35:51","guid":{"rendered":"https:\/\/www.legrandjardindelisabeth.com\/site\/?page_id=340"},"modified":"2017-02-22T17:29:01","modified_gmt":"2017-02-22T16:29:01","slug":"galerie-photo","status":"publish","type":"page","link":"https:\/\/www.legrandjardindelisabeth.com\/site\/galerie-photo\/?lang=fr","title":{"rendered":"Galerie photo"},"content":{"rendered":"<p><\/p>\n<h3><span style=\"color: #800080;\"><a style=\"color: #800080;\" href=\"https:\/\/www.legrandjardindelisabeth.com\/site\/galerie-photo\/paper-art\/\">Paper Art<\/a><\/span><\/h3>\n<h3><span style=\"color: #800080;\"><a style=\"color: #800080;\" href=\"https:\/\/www.legrandjardindelisabeth.com\/site\/?p=687&amp;preview=true\">Sorties cueillette et ateliers de d\u00e9gustation<\/a><\/span><\/h3>\n<h3><span style=\"color: #800080;\"><a style=\"color: #800080;\" href=\"https:\/\/www.legrandjardindelisabeth.com\/site\/?p=726&amp;preview=true\">Atelier de confection de g\u00e2teaux de No\u00ebl<\/a><\/span><\/h3>\n<h3><span style=\"color: #800080;\"><a style=\"color: #800080;\" href=\"https:\/\/www.legrandjardindelisabeth.com\/site\/?p=742&amp;preview=true\">Exposition Art Textile<\/a><\/span><\/h3>\n<h3><span style=\"color: #800080;\"><a style=\"color: #800080;\" href=\"https:\/\/www.legrandjardindelisabeth.com\/site\/atelier-confection-de-pain\/\">Atelier confection de pain<\/a><\/span><\/h3>\n<p><\/p>","protected":false},"excerpt":{"rendered":"<p>Paper Art Sorties cueillette et ateliers de d\u00e9gustation Atelier de confection de g\u00e2teaux de No\u00ebl Exposition Art Textile Atelier confection de pain<\/p>\n","protected":false},"author":2,"featured_media":0,"parent":0,"menu_order":0,"comment_status":"closed","ping_status":"open","template":"","meta":{"footnotes":""},"class_list":["post-340","page","type-page","status-publish","hentry"],"aioseo_notices":[],"_links":{"self":[{"href":"https:\/\/www.legrandjardindelisabeth.com\/site\/wp-json\/wp\/v2\/pages\/340","targetHints":{"allow":["GET"]}}],"collection":[{"href":"https:\/\/www.legrandjardindelisabeth.com\/site\/wp-json\/wp\/v2\/pages"}],"about":[{"href":"https:\/\/www.legrandjardindelisabeth.com\/site\/wp-json\/wp\/v2\/types\/page"}],"author":[{"embeddable":true,"href":"https:\/\/www.legrandjardindelisabeth.com\/site\/wp-json\/wp\/v2\/users\/2"}],"replies":[{"embeddable":true,"href":"https:\/\/www.legrandjardindelisabeth.com\/site\/wp-json\/wp\/v2\/comments?post=340"}],"version-history":[{"count":20,"href":"https:\/\/www.legrandjardindelisabeth.com\/site\/wp-json\/wp\/v2\/pages\/340\/revisions"}],"predecessor-version":[{"id":854,"href":"https:\/\/www.legrandjardindelisabeth.com\/site\/wp-json\/wp\/v2\/pages\/340\/revisions\/854"}],"wp:attachment":[{"href":"https:\/\/www.legrandjardindelisabeth.com\/site\/wp-json\/wp\/v2\/media?parent=340"}],"curies":[{"name":"wp","href":"https:\/\/api.w.org\/{rel}","templated":true}]}}