
{"id":34,"date":"2015-02-27T09:55:33","date_gmt":"2015-02-27T08:55:33","guid":{"rendered":"https:\/\/www.legrandjardindelisabeth.com\/site\/?page_id=34"},"modified":"2022-01-12T15:35:10","modified_gmt":"2022-01-12T14:35:10","slug":"cuisine","status":"publish","type":"page","link":"https:\/\/www.legrandjardindelisabeth.com\/site\/location-de-salle\/cuisine\/?lang=fr","title":{"rendered":"Cuisine"},"content":{"rendered":"<p>Comme nous sommes tr\u00e8s attach\u00e9s \u00e0 l&rsquo;alimentation nous avons install\u00e9 une grande cuisine dont nous nous servirons pour des cours de cuisine. Nous la mettons \u00e9galement \u00e0 la disposition de toute personne qui aimerait animer des ateliers cuisine, y preparer un repas de f\u00eate ou y organiser des festivit\u00e9s en petit comit\u00e9.<\/p>\n<p>La capacit\u00e9 d&rsquo;accueil\u00a0d\u00e9pend de l&rsquo;activit\u00e9.<\/p>\n<p>Equipement: 2 plaques \u00e0 gaz 5 br\u00fbleurs, r\u00e9frig\u00e9rateur, cong\u00e9lateur, mixeur, batterie et ustensiles de cuisine, table \u00e0 manger et chaises pour 12 personnes, vaisselle et couverts.<\/p>\n<p>\n\t\t<style type=\"text\/css\">\n\t\t\t#gallery-1 {\n\t\t\t\tmargin: auto;\n\t\t\t}\n\t\t\t#gallery-1 .gallery-item {\n\t\t\t\tfloat: left;\n\t\t\t\tmargin-top: 10px;\n\t\t\t\ttext-align: center;\n\t\t\t\twidth: 33%;\n\t\t\t}\n\t\t\t#gallery-1 img {\n\t\t\t\tborder: 2px solid #cfcfcf;\n\t\t\t}\n\t\t\t#gallery-1 .gallery-caption {\n\t\t\t\tmargin-left: 0;\n\t\t\t}\n\t\t\t\/* see gallery_shortcode() in wp-includes\/media.php *\/\n\t\t<\/style>\n\t\t<div id='gallery-1' class='gallery galleryid-34 gallery-columns-3 gallery-size-thumbnail'><dl class='gallery-item'>\n\t\t\t<dt class='gallery-icon landscape'>\n\t\t\t\t<a href='https:\/\/www.legrandjardindelisabeth.com\/site\/cuisine-1\/'><img loading=\"lazy\" decoding=\"async\" width=\"150\" height=\"150\" src=\"https:\/\/www.legrandjardindelisabeth.com\/site\/wp-content\/uploads\/2022\/01\/Cuisine-1-150x150.jpg\" class=\"attachment-thumbnail size-thumbnail\" alt=\"\" srcset=\"https:\/\/www.legrandjardindelisabeth.com\/site\/wp-content\/uploads\/2022\/01\/Cuisine-1-150x150.jpg 150w, https:\/\/www.legrandjardindelisabeth.com\/site\/wp-content\/uploads\/2022\/01\/Cuisine-1-300x300.jpg 300w, https:\/\/www.legrandjardindelisabeth.com\/site\/wp-content\/uploads\/2022\/01\/Cuisine-1-1024x1024.jpg 1024w, https:\/\/www.legrandjardindelisabeth.com\/site\/wp-content\/uploads\/2022\/01\/Cuisine-1-60x60.jpg 60w, https:\/\/www.legrandjardindelisabeth.com\/site\/wp-content\/uploads\/2022\/01\/Cuisine-1-1200x1200.jpg 1200w\" sizes=\"auto, (max-width: 150px) 100vw, 150px\" \/><\/a>\n\t\t\t<\/dt><\/dl><dl class='gallery-item'>\n\t\t\t<dt class='gallery-icon landscape'>\n\t\t\t\t<a href='https:\/\/www.legrandjardindelisabeth.com\/site\/cuisine-3\/'><img loading=\"lazy\" decoding=\"async\" width=\"150\" height=\"150\" src=\"https:\/\/www.legrandjardindelisabeth.com\/site\/wp-content\/uploads\/2022\/01\/Cuisine-3-150x150.jpg\" class=\"attachment-thumbnail size-thumbnail\" alt=\"\" srcset=\"https:\/\/www.legrandjardindelisabeth.com\/site\/wp-content\/uploads\/2022\/01\/Cuisine-3-150x150.jpg 150w, https:\/\/www.legrandjardindelisabeth.com\/site\/wp-content\/uploads\/2022\/01\/Cuisine-3-300x300.jpg 300w, https:\/\/www.legrandjardindelisabeth.com\/site\/wp-content\/uploads\/2022\/01\/Cuisine-3-1024x1024.jpg 1024w, https:\/\/www.legrandjardindelisabeth.com\/site\/wp-content\/uploads\/2022\/01\/Cuisine-3-60x60.jpg 60w, https:\/\/www.legrandjardindelisabeth.com\/site\/wp-content\/uploads\/2022\/01\/Cuisine-3-1200x1200.jpg 1200w\" sizes=\"auto, (max-width: 150px) 100vw, 150px\" \/><\/a>\n\t\t\t<\/dt><\/dl><dl class='gallery-item'>\n\t\t\t<dt class='gallery-icon landscape'>\n\t\t\t\t<a href='https:\/\/www.legrandjardindelisabeth.com\/site\/cuisine-2\/'><img loading=\"lazy\" decoding=\"async\" width=\"150\" height=\"150\" src=\"https:\/\/www.legrandjardindelisabeth.com\/site\/wp-content\/uploads\/2022\/01\/Cuisine-2-150x150.jpg\" class=\"attachment-thumbnail size-thumbnail\" alt=\"\" srcset=\"https:\/\/www.legrandjardindelisabeth.com\/site\/wp-content\/uploads\/2022\/01\/Cuisine-2-150x150.jpg 150w, https:\/\/www.legrandjardindelisabeth.com\/site\/wp-content\/uploads\/2022\/01\/Cuisine-2-300x300.jpg 300w, https:\/\/www.legrandjardindelisabeth.com\/site\/wp-content\/uploads\/2022\/01\/Cuisine-2-1024x1024.jpg 1024w, https:\/\/www.legrandjardindelisabeth.com\/site\/wp-content\/uploads\/2022\/01\/Cuisine-2-60x60.jpg 60w, https:\/\/www.legrandjardindelisabeth.com\/site\/wp-content\/uploads\/2022\/01\/Cuisine-2-1200x1200.jpg 1200w\" sizes=\"auto, (max-width: 150px) 100vw, 150px\" \/><\/a>\n\t\t\t<\/dt><\/dl><br style=\"clear: both\" \/><dl class='gallery-item'>\n\t\t\t<dt class='gallery-icon landscape'>\n\t\t\t\t<a href='https:\/\/www.legrandjardindelisabeth.com\/site\/dav-5\/'><img loading=\"lazy\" decoding=\"async\" width=\"150\" height=\"150\" src=\"https:\/\/www.legrandjardindelisabeth.com\/site\/wp-content\/uploads\/2022\/01\/IMG_20190914_174358-1-150x150.jpg\" class=\"attachment-thumbnail size-thumbnail\" alt=\"\" srcset=\"https:\/\/www.legrandjardindelisabeth.com\/site\/wp-content\/uploads\/2022\/01\/IMG_20190914_174358-1-150x150.jpg 150w, https:\/\/www.legrandjardindelisabeth.com\/site\/wp-content\/uploads\/2022\/01\/IMG_20190914_174358-1-300x300.jpg 300w, https:\/\/www.legrandjardindelisabeth.com\/site\/wp-content\/uploads\/2022\/01\/IMG_20190914_174358-1-1024x1024.jpg 1024w, https:\/\/www.legrandjardindelisabeth.com\/site\/wp-content\/uploads\/2022\/01\/IMG_20190914_174358-1-1200x1200.jpg 1200w, https:\/\/www.legrandjardindelisabeth.com\/site\/wp-content\/uploads\/2022\/01\/IMG_20190914_174358-1-60x60.jpg 60w\" sizes=\"auto, (max-width: 150px) 100vw, 150px\" \/><\/a>\n\t\t\t<\/dt><\/dl><dl class='gallery-item'>\n\t\t\t<dt class='gallery-icon landscape'>\n\t\t\t\t<a href='https:\/\/www.legrandjardindelisabeth.com\/site\/img_5236\/'><img loading=\"lazy\" decoding=\"async\" width=\"150\" height=\"150\" src=\"https:\/\/www.legrandjardindelisabeth.com\/site\/wp-content\/uploads\/2022\/01\/IMG_5236-150x150.jpg\" class=\"attachment-thumbnail size-thumbnail\" alt=\"\" srcset=\"https:\/\/www.legrandjardindelisabeth.com\/site\/wp-content\/uploads\/2022\/01\/IMG_5236-150x150.jpg 150w, https:\/\/www.legrandjardindelisabeth.com\/site\/wp-content\/uploads\/2022\/01\/IMG_5236-300x300.jpg 300w, https:\/\/www.legrandjardindelisabeth.com\/site\/wp-content\/uploads\/2022\/01\/IMG_5236-1024x1024.jpg 1024w, https:\/\/www.legrandjardindelisabeth.com\/site\/wp-content\/uploads\/2022\/01\/IMG_5236-60x60.jpg 60w, https:\/\/www.legrandjardindelisabeth.com\/site\/wp-content\/uploads\/2022\/01\/IMG_5236-1200x1200.jpg 1200w\" sizes=\"auto, (max-width: 150px) 100vw, 150px\" \/><\/a>\n\t\t\t<\/dt><\/dl><dl class='gallery-item'>\n\t\t\t<dt class='gallery-icon landscape'>\n\t\t\t\t<a href='https:\/\/www.legrandjardindelisabeth.com\/site\/untitled-79\/'><img loading=\"lazy\" decoding=\"async\" width=\"150\" height=\"150\" src=\"https:\/\/www.legrandjardindelisabeth.com\/site\/wp-content\/uploads\/2022\/01\/untitled-79-150x150.jpg\" class=\"attachment-thumbnail size-thumbnail\" alt=\"\" srcset=\"https:\/\/www.legrandjardindelisabeth.com\/site\/wp-content\/uploads\/2022\/01\/untitled-79-150x150.jpg 150w, https:\/\/www.legrandjardindelisabeth.com\/site\/wp-content\/uploads\/2022\/01\/untitled-79-300x300.jpg 300w, https:\/\/www.legrandjardindelisabeth.com\/site\/wp-content\/uploads\/2022\/01\/untitled-79-1024x1024.jpg 1024w, https:\/\/www.legrandjardindelisabeth.com\/site\/wp-content\/uploads\/2022\/01\/untitled-79-1200x1200.jpg 1200w, https:\/\/www.legrandjardindelisabeth.com\/site\/wp-content\/uploads\/2022\/01\/untitled-79-60x60.jpg 60w\" sizes=\"auto, (max-width: 150px) 100vw, 150px\" \/><\/a>\n\t\t\t<\/dt><\/dl><br style=\"clear: both\" \/>\n\t\t<\/div>\n<\/p>","protected":false},"excerpt":{"rendered":"<p>Comme nous sommes tr\u00e8s attach\u00e9s \u00e0 l&rsquo;alimentation nous avons install\u00e9 une grande cuisine dont nous nous servirons pour des cours de cuisine. Nous la mettons \u00e9galement \u00e0 la disposition de toute personne qui aimerait animer des ateliers cuisine, y preparer un repas de f\u00eate ou y organiser des festivit\u00e9s en petit comit\u00e9. La capacit\u00e9 d&rsquo;accueil\u00a0d\u00e9pend &#8230; <a class=\"read-more\" href=\"https:\/\/www.legrandjardindelisabeth.com\/site\/location-de-salle\/cuisine\/?lang=fr\">Lire plus&#8230;<\/a><\/p>\n","protected":false},"author":2,"featured_media":0,"parent":32,"menu_order":0,"comment_status":"closed","ping_status":"open","template":"","meta":{"footnotes":""},"class_list":["post-34","page","type-page","status-publish","hentry"],"aioseo_notices":[],"_links":{"self":[{"href":"https:\/\/www.legrandjardindelisabeth.com\/site\/wp-json\/wp\/v2\/pages\/34","targetHints":{"allow":["GET"]}}],"collection":[{"href":"https:\/\/www.legrandjardindelisabeth.com\/site\/wp-json\/wp\/v2\/pages"}],"about":[{"href":"https:\/\/www.legrandjardindelisabeth.com\/site\/wp-json\/wp\/v2\/types\/page"}],"author":[{"embeddable":true,"href":"https:\/\/www.legrandjardindelisabeth.com\/site\/wp-json\/wp\/v2\/users\/2"}],"replies":[{"embeddable":true,"href":"https:\/\/www.legrandjardindelisabeth.com\/site\/wp-json\/wp\/v2\/comments?post=34"}],"version-history":[{"count":8,"href":"https:\/\/www.legrandjardindelisabeth.com\/site\/wp-json\/wp\/v2\/pages\/34\/revisions"}],"predecessor-version":[{"id":1542,"href":"https:\/\/www.legrandjardindelisabeth.com\/site\/wp-json\/wp\/v2\/pages\/34\/revisions\/1542"}],"up":[{"embeddable":true,"href":"https:\/\/www.legrandjardindelisabeth.com\/site\/wp-json\/wp\/v2\/pages\/32"}],"wp:attachment":[{"href":"https:\/\/www.legrandjardindelisabeth.com\/site\/wp-json\/wp\/v2\/media?parent=34"}],"curies":[{"name":"wp","href":"https:\/\/api.w.org\/{rel}","templated":true}]}}