
{"id":27,"date":"2015-02-27T09:54:32","date_gmt":"2015-02-27T08:54:32","guid":{"rendered":"https:\/\/www.legrandjardindelisabeth.com\/site\/?page_id=27"},"modified":"2025-01-09T16:32:37","modified_gmt":"2025-01-09T15:32:37","slug":"tarifs-sejour","status":"publish","type":"page","link":"https:\/\/www.legrandjardindelisabeth.com\/site\/tarifs-sejour\/?lang=fr","title":{"rendered":"Tarifs de s\u00e9jour"},"content":{"rendered":"<p><strong>Chambres d&rsquo;h\u00f4te<\/strong>\u00a0<strong>du Jardin<\/strong> : 75 \u20ac par nuit, petit d\u00e9jeuner ainsi que taxe de s\u00e9jour inclus.<\/p>\n<p>Moyen de paiement : ch\u00e8que, Paypal, esp\u00e8ces.<br \/>\nUn acompte de 25 % sera demand\u00e9 \u00e0 la r\u00e9servation.<\/p>\n<p><a href=\"https:\/\/www.legrandjardindelisabeth.com\/site\/gite-et-chambres-dhote\/reservation-chambre\/\">R\u00e9servation Chambres d&rsquo;h\u00f4te du Jardin<\/a><\/p>\n<p>&nbsp;<\/p>\n<p><strong>G\u00eete<\/strong>\u00a0<strong>Pool house<\/strong> : 400 \u00e0 650 \u20ac la semaine selon la saison.<\/p>\n<p>La taxe de s\u00e9jour n&rsquo;est pas compris dans le prix.<\/p>\n<p>Un minimum de 3 nuits est obligatoire \u00e0 la r\u00e9servation (de novembre \u00e0 fin mars). (Le prix s&rsquo;ajuste automatiquement \u00e0 la r\u00e9servation en ligne).<\/p>\n<p>Du mois d&rsquo;avril jusqu&rsquo;\u00e0 la fin du mois d&rsquo;octobre la location est \u00e0 la semaine.<\/p>\n<p>Option forfait m\u00e9nage fin de s\u00e9jour : 40 \u20ac.<br \/>\nD\u00e9p\u00f4t de garantie : 300 \u20ac.<\/p>\n<p>Moyen de paiement : ch\u00e8que, Paypal, esp\u00e8ces.<br \/>\nUn acompte de 25 % sera demand\u00e9 \u00e0 la r\u00e9servation.<\/p>\n<p><a href=\"https:\/\/www.legrandjardindelisabeth.com\/site\/gite-et-chambres-dhote\/reservation-eco-gite\/\">R\u00e9servation\u00a0g\u00eete Pool house<\/a><\/p>\n<p>&nbsp;<\/p>","protected":false},"excerpt":{"rendered":"<p>Chambres d&rsquo;h\u00f4te\u00a0du Jardin : 75 \u20ac par nuit, petit d\u00e9jeuner ainsi que taxe de s\u00e9jour inclus. Moyen de paiement : ch\u00e8que, Paypal, esp\u00e8ces. Un acompte de 25 % sera demand\u00e9 \u00e0 la r\u00e9servation. R\u00e9servation Chambres d&rsquo;h\u00f4te du Jardin &nbsp; G\u00eete\u00a0Pool house : 400 \u00e0 650 \u20ac la semaine selon la saison. La taxe de s\u00e9jour &#8230; <a class=\"read-more\" href=\"https:\/\/www.legrandjardindelisabeth.com\/site\/tarifs-sejour\/?lang=fr\">Lire plus&#8230;<\/a><\/p>\n","protected":false},"author":2,"featured_media":0,"parent":0,"menu_order":0,"comment_status":"closed","ping_status":"closed","template":"","meta":{"footnotes":""},"class_list":["post-27","page","type-page","status-publish","hentry"],"aioseo_notices":[],"_links":{"self":[{"href":"https:\/\/www.legrandjardindelisabeth.com\/site\/wp-json\/wp\/v2\/pages\/27","targetHints":{"allow":["GET"]}}],"collection":[{"href":"https:\/\/www.legrandjardindelisabeth.com\/site\/wp-json\/wp\/v2\/pages"}],"about":[{"href":"https:\/\/www.legrandjardindelisabeth.com\/site\/wp-json\/wp\/v2\/types\/page"}],"author":[{"embeddable":true,"href":"https:\/\/www.legrandjardindelisabeth.com\/site\/wp-json\/wp\/v2\/users\/2"}],"replies":[{"embeddable":true,"href":"https:\/\/www.legrandjardindelisabeth.com\/site\/wp-json\/wp\/v2\/comments?post=27"}],"version-history":[{"count":24,"href":"https:\/\/www.legrandjardindelisabeth.com\/site\/wp-json\/wp\/v2\/pages\/27\/revisions"}],"predecessor-version":[{"id":1706,"href":"https:\/\/www.legrandjardindelisabeth.com\/site\/wp-json\/wp\/v2\/pages\/27\/revisions\/1706"}],"wp:attachment":[{"href":"https:\/\/www.legrandjardindelisabeth.com\/site\/wp-json\/wp\/v2\/media?parent=27"}],"curies":[{"name":"wp","href":"https:\/\/api.w.org\/{rel}","templated":true}]}}