
{"id":23,"date":"2015-02-27T09:53:23","date_gmt":"2015-02-27T08:53:23","guid":{"rendered":"https:\/\/www.legrandjardindelisabeth.com\/site\/?page_id=23"},"modified":"2020-03-02T20:53:43","modified_gmt":"2020-03-02T19:53:43","slug":"gite-pool-house","status":"publish","type":"page","link":"https:\/\/www.legrandjardindelisabeth.com\/site\/gite-et-chambres-dhote\/gite-pool-house\/?lang=fr","title":{"rendered":"G\u00eete Pool house"},"content":{"rendered":"<p><\/p>\n<h3 style=\"text-align: left;\"><span style=\"color: #000000;\">Vos vacances \u00e0 deux pas de la piscine<\/span><\/h3>\n<p>R\u00e9cemment l&rsquo;ancien \u00ab\u00a0poolhouse\u00a0\u00bb a \u00e9t\u00e9 r\u00e9nov\u00e9 avec des mat\u00e9riaux naturels et ainsi transform\u00e9 en \u00e9co-g\u00eete. C&rsquo;est d\u00e9sormais un charmant petit deux-pi\u00e8ces d&rsquo;environ 40 m2 pour 2 \u00e0 3 personnes. Gr\u00e2ce \u00e0 son isolation thermique il garde toute sa fra\u00eecheur en \u00e9t\u00e9, en hiver il est agr\u00e9ablement chauff\u00e9 par un po\u00eale \u00e0 granul\u00e9s.<\/p>\n<p><a href=\"https:\/\/www.legrandjardindelisabeth.com\/site\/wp-content\/uploads\/2020\/03\/DSC_3943-1.jpg\"><img loading=\"lazy\" decoding=\"async\" class=\"aligncenter wp-image-1269\" src=\"https:\/\/www.legrandjardindelisabeth.com\/site\/wp-content\/uploads\/2020\/03\/DSC_3943-1-300x300.jpg\" alt=\"\" width=\"283\" height=\"283\" srcset=\"https:\/\/www.legrandjardindelisabeth.com\/site\/wp-content\/uploads\/2020\/03\/DSC_3943-1-300x300.jpg 300w, https:\/\/www.legrandjardindelisabeth.com\/site\/wp-content\/uploads\/2020\/03\/DSC_3943-1-150x150.jpg 150w, https:\/\/www.legrandjardindelisabeth.com\/site\/wp-content\/uploads\/2020\/03\/DSC_3943-1-1024x1024.jpg 1024w, https:\/\/www.legrandjardindelisabeth.com\/site\/wp-content\/uploads\/2020\/03\/DSC_3943-1-1200x1200.jpg 1200w, https:\/\/www.legrandjardindelisabeth.com\/site\/wp-content\/uploads\/2020\/03\/DSC_3943-1-60x60.jpg 60w\" sizes=\"auto, (max-width: 283px) 100vw, 283px\" \/><\/a><\/p>\n<p>Dans la chambre se trouve un grand lit de 1,60 x 2 m ainsi qu&rsquo;une penderie. Dans le salon \/ salle \u00e0 manger vous disposerez entre autres d&rsquo;un canap\u00e9 convertible, d&rsquo;une t\u00e9l\u00e9vision et d&rsquo;une biblioth\u00e8que. La cuisine est \u00e9quip\u00e9e d&rsquo;un r\u00e9frig\u00e9rateur cong\u00e9lateur, de plaques de cuisson \u00e0 gaz, d&rsquo;un four, d&rsquo;un lave-vaisselle, d&rsquo;un grille-pain et d&rsquo;une machine \u00e0 expresso. Il y a un lave linge dans la salle de bain.<\/p>\n<p>Le linge de maison et de bain, ainsi qu\u2019un s\u00e8che-cheveux sont fournis. L&rsquo;acc\u00e8s WIFI est gratuit.<\/p>\n<p>Sur la terrasse privative, ombrag\u00e9e par une pergola, vous pouvez vous r\u00e9jouir du chant des cigales et si cela vous tente vous rafra\u00eechir dans la piscine qui se trouve \u00e0 deux pas.<\/p>\n<p><a href=\"https:\/\/www.legrandjardindelisabeth.com\/site\/gite-et-chambres-dhote\/reservation-eco-gite\/\">R\u00e9servez le g\u00eete Pool house<\/a><\/p>\n<p><a href=\"https:\/\/www.legrandjardindelisabeth.com\/site\/gite-et-chambres-dhote\/tarifs-sejour\/\">Tarifs du g\u00eete Pool house<\/a><\/p>\n<p><a href=\"https:\/\/www.legrandjardindelisabeth.com\/site\/wp-content\/uploads\/2020\/03\/DSC_3930.jpg\"><img loading=\"lazy\" decoding=\"async\" class=\"alignnone wp-image-1265\" src=\"https:\/\/www.legrandjardindelisabeth.com\/site\/wp-content\/uploads\/2020\/03\/DSC_3930-300x300.jpg\" alt=\"\" width=\"158\" height=\"158\" srcset=\"https:\/\/www.legrandjardindelisabeth.com\/site\/wp-content\/uploads\/2020\/03\/DSC_3930-300x300.jpg 300w, https:\/\/www.legrandjardindelisabeth.com\/site\/wp-content\/uploads\/2020\/03\/DSC_3930-150x150.jpg 150w, https:\/\/www.legrandjardindelisabeth.com\/site\/wp-content\/uploads\/2020\/03\/DSC_3930-1024x1024.jpg 1024w, https:\/\/www.legrandjardindelisabeth.com\/site\/wp-content\/uploads\/2020\/03\/DSC_3930-1200x1200.jpg 1200w, https:\/\/www.legrandjardindelisabeth.com\/site\/wp-content\/uploads\/2020\/03\/DSC_3930-60x60.jpg 60w\" sizes=\"auto, (max-width: 158px) 100vw, 158px\" \/><\/a>\u00a0 \u00a0\u00a0\u00a0<a href=\"https:\/\/www.legrandjardindelisabeth.com\/site\/wp-content\/uploads\/2020\/03\/DSC_3918-1.jpg\"><img loading=\"lazy\" decoding=\"async\" class=\"alignnone wp-image-1267\" src=\"https:\/\/www.legrandjardindelisabeth.com\/site\/wp-content\/uploads\/2020\/03\/DSC_3918-1-300x300.jpg\" alt=\"\" width=\"160\" height=\"160\" \/><\/a>\u00a0 \u00a0\u00a0\u00a0<a href=\"https:\/\/www.legrandjardindelisabeth.com\/site\/wp-content\/uploads\/2020\/03\/DSC_3909.jpeg\"><img loading=\"lazy\" decoding=\"async\" class=\"alignnone wp-image-1275\" src=\"https:\/\/www.legrandjardindelisabeth.com\/site\/wp-content\/uploads\/2020\/03\/DSC_3909-300x300.jpeg\" alt=\"\" width=\"157\" height=\"157\" srcset=\"https:\/\/www.legrandjardindelisabeth.com\/site\/wp-content\/uploads\/2020\/03\/DSC_3909-300x300.jpeg 300w, https:\/\/www.legrandjardindelisabeth.com\/site\/wp-content\/uploads\/2020\/03\/DSC_3909-150x150.jpeg 150w, https:\/\/www.legrandjardindelisabeth.com\/site\/wp-content\/uploads\/2020\/03\/DSC_3909-1024x1024.jpeg 1024w, https:\/\/www.legrandjardindelisabeth.com\/site\/wp-content\/uploads\/2020\/03\/DSC_3909-1200x1200.jpeg 1200w, https:\/\/www.legrandjardindelisabeth.com\/site\/wp-content\/uploads\/2020\/03\/DSC_3909-60x60.jpeg 60w\" sizes=\"auto, (max-width: 157px) 100vw, 157px\" \/><\/a>\u00a0 \u00a0\u00a0\u00a0<a href=\"https:\/\/www.legrandjardindelisabeth.com\/site\/wp-content\/uploads\/2020\/03\/DSC_3926.jpg\"><img loading=\"lazy\" decoding=\"async\" class=\"alignnone wp-image-1273\" src=\"https:\/\/www.legrandjardindelisabeth.com\/site\/wp-content\/uploads\/2020\/03\/DSC_3926-300x300.jpg\" alt=\"\" width=\"156\" height=\"156\" srcset=\"https:\/\/www.legrandjardindelisabeth.com\/site\/wp-content\/uploads\/2020\/03\/DSC_3926-300x300.jpg 300w, https:\/\/www.legrandjardindelisabeth.com\/site\/wp-content\/uploads\/2020\/03\/DSC_3926-150x150.jpg 150w, https:\/\/www.legrandjardindelisabeth.com\/site\/wp-content\/uploads\/2020\/03\/DSC_3926-1024x1024.jpg 1024w, https:\/\/www.legrandjardindelisabeth.com\/site\/wp-content\/uploads\/2020\/03\/DSC_3926-1200x1200.jpg 1200w, https:\/\/www.legrandjardindelisabeth.com\/site\/wp-content\/uploads\/2020\/03\/DSC_3926-60x60.jpg 60w\" sizes=\"auto, (max-width: 156px) 100vw, 156px\" \/><\/a><\/p>\n<p><a href=\"https:\/\/www.legrandjardindelisabeth.com\/site\/wp-content\/uploads\/2015\/03\/gite-02.jpg\"><img loading=\"lazy\" decoding=\"async\" class=\"alignnone wp-image-140\" src=\"https:\/\/www.legrandjardindelisabeth.com\/site\/wp-content\/uploads\/2015\/03\/gite-02-300x300.jpg\" alt=\"\" width=\"157\" height=\"157\" srcset=\"https:\/\/www.legrandjardindelisabeth.com\/site\/wp-content\/uploads\/2015\/03\/gite-02-300x300.jpg 300w, https:\/\/www.legrandjardindelisabeth.com\/site\/wp-content\/uploads\/2015\/03\/gite-02-150x150.jpg 150w, https:\/\/www.legrandjardindelisabeth.com\/site\/wp-content\/uploads\/2015\/03\/gite-02-1024x1024.jpg 1024w, https:\/\/www.legrandjardindelisabeth.com\/site\/wp-content\/uploads\/2015\/03\/gite-02-180x180.jpg 180w, https:\/\/www.legrandjardindelisabeth.com\/site\/wp-content\/uploads\/2015\/03\/gite-02-600x600.jpg 600w, https:\/\/www.legrandjardindelisabeth.com\/site\/wp-content\/uploads\/2015\/03\/gite-02-1200x1200.jpg 1200w, https:\/\/www.legrandjardindelisabeth.com\/site\/wp-content\/uploads\/2015\/03\/gite-02-60x60.jpg 60w\" sizes=\"auto, (max-width: 157px) 100vw, 157px\" \/><\/a>\u00a0 \u00a0 \u00a0<a href=\"https:\/\/www.legrandjardindelisabeth.com\/site\/wp-content\/uploads\/2015\/03\/gite-03.jpg\"><img loading=\"lazy\" decoding=\"async\" class=\"alignnone wp-image-141\" src=\"https:\/\/www.legrandjardindelisabeth.com\/site\/wp-content\/uploads\/2015\/03\/gite-03-300x300.jpg\" alt=\"\" width=\"157\" height=\"157\" srcset=\"https:\/\/www.legrandjardindelisabeth.com\/site\/wp-content\/uploads\/2015\/03\/gite-03-300x300.jpg 300w, https:\/\/www.legrandjardindelisabeth.com\/site\/wp-content\/uploads\/2015\/03\/gite-03-150x150.jpg 150w, https:\/\/www.legrandjardindelisabeth.com\/site\/wp-content\/uploads\/2015\/03\/gite-03-1024x1024.jpg 1024w, https:\/\/www.legrandjardindelisabeth.com\/site\/wp-content\/uploads\/2015\/03\/gite-03-180x180.jpg 180w, https:\/\/www.legrandjardindelisabeth.com\/site\/wp-content\/uploads\/2015\/03\/gite-03-600x600.jpg 600w, https:\/\/www.legrandjardindelisabeth.com\/site\/wp-content\/uploads\/2015\/03\/gite-03-1200x1200.jpg 1200w, https:\/\/www.legrandjardindelisabeth.com\/site\/wp-content\/uploads\/2015\/03\/gite-03-60x60.jpg 60w\" sizes=\"auto, (max-width: 157px) 100vw, 157px\" \/><\/a>\u00a0 \u00a0\u00a0\u00a0<a href=\"https:\/\/www.legrandjardindelisabeth.com\/site\/wp-content\/uploads\/2015\/03\/bandeau-gite.jpg\"><img loading=\"lazy\" decoding=\"async\" class=\"alignnone wp-image-231\" src=\"https:\/\/www.legrandjardindelisabeth.com\/site\/wp-content\/uploads\/2015\/03\/bandeau-gite-300x300.jpg\" alt=\"\" width=\"157\" height=\"157\" srcset=\"https:\/\/www.legrandjardindelisabeth.com\/site\/wp-content\/uploads\/2015\/03\/bandeau-gite-300x300.jpg 300w, https:\/\/www.legrandjardindelisabeth.com\/site\/wp-content\/uploads\/2015\/03\/bandeau-gite-150x150.jpg 150w, https:\/\/www.legrandjardindelisabeth.com\/site\/wp-content\/uploads\/2015\/03\/bandeau-gite-1024x1024.jpg 1024w, https:\/\/www.legrandjardindelisabeth.com\/site\/wp-content\/uploads\/2015\/03\/bandeau-gite-180x180.jpg 180w, https:\/\/www.legrandjardindelisabeth.com\/site\/wp-content\/uploads\/2015\/03\/bandeau-gite-600x600.jpg 600w, https:\/\/www.legrandjardindelisabeth.com\/site\/wp-content\/uploads\/2015\/03\/bandeau-gite-1200x1200.jpg 1200w, https:\/\/www.legrandjardindelisabeth.com\/site\/wp-content\/uploads\/2015\/03\/bandeau-gite-60x60.jpg 60w\" sizes=\"auto, (max-width: 157px) 100vw, 157px\" \/><\/a>\u00a0 \u00a0 \u00a0<a href=\"https:\/\/www.legrandjardindelisabeth.com\/site\/wp-content\/uploads\/2015\/03\/gite-04.jpg\"><img loading=\"lazy\" decoding=\"async\" class=\"alignnone wp-image-142\" src=\"https:\/\/www.legrandjardindelisabeth.com\/site\/wp-content\/uploads\/2015\/03\/gite-04-300x300.jpg\" alt=\"\" width=\"157\" height=\"157\" srcset=\"https:\/\/www.legrandjardindelisabeth.com\/site\/wp-content\/uploads\/2015\/03\/gite-04-300x300.jpg 300w, https:\/\/www.legrandjardindelisabeth.com\/site\/wp-content\/uploads\/2015\/03\/gite-04-150x150.jpg 150w, https:\/\/www.legrandjardindelisabeth.com\/site\/wp-content\/uploads\/2015\/03\/gite-04-1024x1024.jpg 1024w, https:\/\/www.legrandjardindelisabeth.com\/site\/wp-content\/uploads\/2015\/03\/gite-04-180x180.jpg 180w, https:\/\/www.legrandjardindelisabeth.com\/site\/wp-content\/uploads\/2015\/03\/gite-04-600x600.jpg 600w, https:\/\/www.legrandjardindelisabeth.com\/site\/wp-content\/uploads\/2015\/03\/gite-04-1200x1200.jpg 1200w, https:\/\/www.legrandjardindelisabeth.com\/site\/wp-content\/uploads\/2015\/03\/gite-04-60x60.jpg 60w\" sizes=\"auto, (max-width: 157px) 100vw, 157px\" \/><\/a><\/p>\n<p><a href=\"https:\/\/www.legrandjardindelisabeth.com\/site\/wp-content\/uploads\/2015\/03\/gite-05.jpg\"><img loading=\"lazy\" decoding=\"async\" class=\"alignnone wp-image-143\" src=\"https:\/\/www.legrandjardindelisabeth.com\/site\/wp-content\/uploads\/2015\/03\/gite-05-300x300.jpg\" alt=\"\" width=\"157\" height=\"157\" srcset=\"https:\/\/www.legrandjardindelisabeth.com\/site\/wp-content\/uploads\/2015\/03\/gite-05-300x300.jpg 300w, https:\/\/www.legrandjardindelisabeth.com\/site\/wp-content\/uploads\/2015\/03\/gite-05-150x150.jpg 150w, https:\/\/www.legrandjardindelisabeth.com\/site\/wp-content\/uploads\/2015\/03\/gite-05-1024x1024.jpg 1024w, https:\/\/www.legrandjardindelisabeth.com\/site\/wp-content\/uploads\/2015\/03\/gite-05-180x180.jpg 180w, https:\/\/www.legrandjardindelisabeth.com\/site\/wp-content\/uploads\/2015\/03\/gite-05-600x600.jpg 600w, https:\/\/www.legrandjardindelisabeth.com\/site\/wp-content\/uploads\/2015\/03\/gite-05-1200x1200.jpg 1200w, https:\/\/www.legrandjardindelisabeth.com\/site\/wp-content\/uploads\/2015\/03\/gite-05-60x60.jpg 60w\" sizes=\"auto, (max-width: 157px) 100vw, 157px\" \/><\/a>\u00a0 \u00a0 \u00a0<a href=\"https:\/\/www.legrandjardindelisabeth.com\/site\/wp-content\/uploads\/2015\/03\/gite-01.jpg\"><img loading=\"lazy\" decoding=\"async\" class=\"alignnone wp-image-139\" src=\"https:\/\/www.legrandjardindelisabeth.com\/site\/wp-content\/uploads\/2015\/03\/gite-01-300x300.jpg\" alt=\"\" width=\"157\" height=\"157\" srcset=\"https:\/\/www.legrandjardindelisabeth.com\/site\/wp-content\/uploads\/2015\/03\/gite-01-300x300.jpg 300w, https:\/\/www.legrandjardindelisabeth.com\/site\/wp-content\/uploads\/2015\/03\/gite-01-150x150.jpg 150w, https:\/\/www.legrandjardindelisabeth.com\/site\/wp-content\/uploads\/2015\/03\/gite-01-1024x1024.jpg 1024w, https:\/\/www.legrandjardindelisabeth.com\/site\/wp-content\/uploads\/2015\/03\/gite-01-180x180.jpg 180w, https:\/\/www.legrandjardindelisabeth.com\/site\/wp-content\/uploads\/2015\/03\/gite-01-600x600.jpg 600w, https:\/\/www.legrandjardindelisabeth.com\/site\/wp-content\/uploads\/2015\/03\/gite-01-1200x1200.jpg 1200w, https:\/\/www.legrandjardindelisabeth.com\/site\/wp-content\/uploads\/2015\/03\/gite-01-60x60.jpg 60w\" sizes=\"auto, (max-width: 157px) 100vw, 157px\" \/><\/a>\u00a0 \u00a0 \u00a0<a href=\"https:\/\/www.legrandjardindelisabeth.com\/site\/wp-content\/uploads\/2020\/03\/DSC_3994.jpeg\"><img loading=\"lazy\" decoding=\"async\" class=\"alignnone wp-image-1277\" src=\"https:\/\/www.legrandjardindelisabeth.com\/site\/wp-content\/uploads\/2020\/03\/DSC_3994-300x300.jpeg\" alt=\"\" width=\"156\" height=\"156\" srcset=\"https:\/\/www.legrandjardindelisabeth.com\/site\/wp-content\/uploads\/2020\/03\/DSC_3994-300x300.jpeg 300w, https:\/\/www.legrandjardindelisabeth.com\/site\/wp-content\/uploads\/2020\/03\/DSC_3994-150x150.jpeg 150w, https:\/\/www.legrandjardindelisabeth.com\/site\/wp-content\/uploads\/2020\/03\/DSC_3994-1024x1024.jpeg 1024w, https:\/\/www.legrandjardindelisabeth.com\/site\/wp-content\/uploads\/2020\/03\/DSC_3994-1200x1200.jpeg 1200w, https:\/\/www.legrandjardindelisabeth.com\/site\/wp-content\/uploads\/2020\/03\/DSC_3994-60x60.jpeg 60w\" sizes=\"auto, (max-width: 156px) 100vw, 156px\" \/><\/a><\/p>","protected":false},"excerpt":{"rendered":"<p>Vos vacances \u00e0 deux pas de la piscine R\u00e9cemment l&rsquo;ancien \u00ab\u00a0poolhouse\u00a0\u00bb a \u00e9t\u00e9 r\u00e9nov\u00e9 avec des mat\u00e9riaux naturels et ainsi transform\u00e9 en \u00e9co-g\u00eete. C&rsquo;est d\u00e9sormais un charmant petit deux-pi\u00e8ces d&rsquo;environ 40 m2 pour 2 \u00e0 3 personnes. Gr\u00e2ce \u00e0 son isolation thermique il garde toute sa fra\u00eecheur en \u00e9t\u00e9, en hiver il est agr\u00e9ablement chauff\u00e9 &#8230; <a class=\"read-more\" href=\"https:\/\/www.legrandjardindelisabeth.com\/site\/gite-et-chambres-dhote\/gite-pool-house\/?lang=fr\">Lire plus&#8230;<\/a><\/p>\n","protected":false},"author":2,"featured_media":0,"parent":21,"menu_order":0,"comment_status":"closed","ping_status":"open","template":"","meta":{"footnotes":""},"class_list":["post-23","page","type-page","status-publish","hentry"],"aioseo_notices":[],"_links":{"self":[{"href":"https:\/\/www.legrandjardindelisabeth.com\/site\/wp-json\/wp\/v2\/pages\/23","targetHints":{"allow":["GET"]}}],"collection":[{"href":"https:\/\/www.legrandjardindelisabeth.com\/site\/wp-json\/wp\/v2\/pages"}],"about":[{"href":"https:\/\/www.legrandjardindelisabeth.com\/site\/wp-json\/wp\/v2\/types\/page"}],"author":[{"embeddable":true,"href":"https:\/\/www.legrandjardindelisabeth.com\/site\/wp-json\/wp\/v2\/users\/2"}],"replies":[{"embeddable":true,"href":"https:\/\/www.legrandjardindelisabeth.com\/site\/wp-json\/wp\/v2\/comments?post=23"}],"version-history":[{"count":23,"href":"https:\/\/www.legrandjardindelisabeth.com\/site\/wp-json\/wp\/v2\/pages\/23\/revisions"}],"predecessor-version":[{"id":1279,"href":"https:\/\/www.legrandjardindelisabeth.com\/site\/wp-json\/wp\/v2\/pages\/23\/revisions\/1279"}],"up":[{"embeddable":true,"href":"https:\/\/www.legrandjardindelisabeth.com\/site\/wp-json\/wp\/v2\/pages\/21"}],"wp:attachment":[{"href":"https:\/\/www.legrandjardindelisabeth.com\/site\/wp-json\/wp\/v2\/media?parent=23"}],"curies":[{"name":"wp","href":"https:\/\/api.w.org\/{rel}","templated":true}]}}