
{"id":21,"date":"2015-02-27T09:52:59","date_gmt":"2015-02-27T08:52:59","guid":{"rendered":"https:\/\/www.legrandjardindelisabeth.com\/site\/?page_id=21"},"modified":"2015-06-24T18:54:43","modified_gmt":"2015-06-24T17:54:43","slug":"gite-et-chambres-dhote","status":"publish","type":"page","link":"https:\/\/www.legrandjardindelisabeth.com\/site\/gite-et-chambres-dhote\/?lang=fr","title":{"rendered":"Gite et chambres d&rsquo;h\u00f4te"},"content":{"rendered":"<p>Le grand jardin vous propose diff\u00e9rents types de locations.<\/p>\n<p>Un <a href=\"https:\/\/www.legrandjardindelisabeth.com\/site\/gite-et-chambres-dhote\/eco-gite\/\">eco-g\u00eete<\/a>\u00a0de 2 pi\u00e8ces d&rsquo;environ 40m2 pour 2 \u00e0 3 personnes\u00a0avec acc\u00e8s \u00e0 une piscine, une terrasse et au parc.<br \/>\nPour r\u00e9server en ligne, c&rsquo;est <a href=\"https:\/\/www.legrandjardindelisabeth.com\/site\/gite-et-chambres-dhote\/reservation-eco-gite\/\">ici<\/a>.<\/p>\n<p>Deux\u00a0<a href=\"https:\/\/www.legrandjardindelisabeth.com\/site\/gite-et-chambres-dhote\/chambres-dhote\/\">chambres d&rsquo;h\u00f4te<\/a>\u00a0situ\u00e9es au rez de chauss\u00e9e de la maison principale avec acc\u00e8s \u00e0 la terrasse et au parc.<br \/>\nPour r\u00e9server en ligne, c&rsquo;est <a href=\"https:\/\/www.legrandjardindelisabeth.com\/site\/gite-et-chambres-dhote\/reservation-chambre\/\">ici<\/a>.<\/p>","protected":false},"excerpt":{"rendered":"<p>Le grand jardin vous propose diff\u00e9rents types de locations. Un eco-g\u00eete\u00a0de 2 pi\u00e8ces d&rsquo;environ 40m2 pour 2 \u00e0 3 personnes\u00a0avec acc\u00e8s \u00e0 une piscine, une terrasse et au parc. Pour r\u00e9server en ligne, c&rsquo;est ici. Deux\u00a0chambres d&rsquo;h\u00f4te\u00a0situ\u00e9es au rez de chauss\u00e9e de la maison principale avec acc\u00e8s \u00e0 la terrasse et au parc. Pour r\u00e9server &#8230; <a class=\"read-more\" href=\"https:\/\/www.legrandjardindelisabeth.com\/site\/gite-et-chambres-dhote\/?lang=fr\">Lire plus&#8230;<\/a><\/p>\n","protected":false},"author":2,"featured_media":0,"parent":0,"menu_order":0,"comment_status":"closed","ping_status":"open","template":"","meta":{"footnotes":""},"class_list":["post-21","page","type-page","status-publish","hentry"],"aioseo_notices":[],"_links":{"self":[{"href":"https:\/\/www.legrandjardindelisabeth.com\/site\/wp-json\/wp\/v2\/pages\/21","targetHints":{"allow":["GET"]}}],"collection":[{"href":"https:\/\/www.legrandjardindelisabeth.com\/site\/wp-json\/wp\/v2\/pages"}],"about":[{"href":"https:\/\/www.legrandjardindelisabeth.com\/site\/wp-json\/wp\/v2\/types\/page"}],"author":[{"embeddable":true,"href":"https:\/\/www.legrandjardindelisabeth.com\/site\/wp-json\/wp\/v2\/users\/2"}],"replies":[{"embeddable":true,"href":"https:\/\/www.legrandjardindelisabeth.com\/site\/wp-json\/wp\/v2\/comments?post=21"}],"version-history":[{"count":3,"href":"https:\/\/www.legrandjardindelisabeth.com\/site\/wp-json\/wp\/v2\/pages\/21\/revisions"}],"predecessor-version":[{"id":399,"href":"https:\/\/www.legrandjardindelisabeth.com\/site\/wp-json\/wp\/v2\/pages\/21\/revisions\/399"}],"wp:attachment":[{"href":"https:\/\/www.legrandjardindelisabeth.com\/site\/wp-json\/wp\/v2\/media?parent=21"}],"curies":[{"name":"wp","href":"https:\/\/api.w.org\/{rel}","templated":true}]}}