
{"id":2,"date":"2015-02-27T07:46:56","date_gmt":"2015-02-27T07:46:56","guid":{"rendered":"https:\/\/www.legrandjardindelisabeth.com\/site\/?page_id=2"},"modified":"2020-10-21T13:28:04","modified_gmt":"2020-10-21T12:28:04","slug":"page-d-exemple","status":"publish","type":"page","link":"https:\/\/www.legrandjardindelisabeth.com\/site\/?lang=fr","title":{"rendered":"Bienvenue"},"content":{"rendered":"<p><\/p>\n<p style=\"text-align: left;\"><a href=\"https:\/\/www.legrandjardindelisabeth.com\/site\/wp-content\/uploads\/2018\/08\/Chambres-dh\u00f4te-\u00e0-Lauris-dans-le-Luberon.jpg\"><img loading=\"lazy\" decoding=\"async\" class=\"alignleft wp-image-1010\" src=\"https:\/\/www.legrandjardindelisabeth.com\/site\/wp-content\/uploads\/2018\/08\/Chambres-dh\u00f4te-\u00e0-Lauris-dans-le-Luberon-300x300.jpg\" alt=\"\" width=\"269\" height=\"269\" srcset=\"https:\/\/www.legrandjardindelisabeth.com\/site\/wp-content\/uploads\/2018\/08\/Chambres-dh\u00f4te-\u00e0-Lauris-dans-le-Luberon-300x300.jpg 300w, https:\/\/www.legrandjardindelisabeth.com\/site\/wp-content\/uploads\/2018\/08\/Chambres-dh\u00f4te-\u00e0-Lauris-dans-le-Luberon-150x150.jpg 150w, https:\/\/www.legrandjardindelisabeth.com\/site\/wp-content\/uploads\/2018\/08\/Chambres-dh\u00f4te-\u00e0-Lauris-dans-le-Luberon-1024x1024.jpg 1024w, https:\/\/www.legrandjardindelisabeth.com\/site\/wp-content\/uploads\/2018\/08\/Chambres-dh\u00f4te-\u00e0-Lauris-dans-le-Luberon-60x60.jpg 60w, https:\/\/www.legrandjardindelisabeth.com\/site\/wp-content\/uploads\/2018\/08\/Chambres-dh\u00f4te-\u00e0-Lauris-dans-le-Luberon-1200x1200.jpg 1200w\" sizes=\"auto, (max-width: 269px) 100vw, 269px\" \/><\/a><\/p>\n<p>Entre Luberon et Durance au pied du pittoresque vieux village de Lauris, Elisabeth vous re\u00e7oit dans un cadre idyllique situ\u00e9 dans l\u2019ancien verger potager du ch\u00e2teau.<\/p>\n<p>Grace \u00e0 la vielle enceinte en pierres apparentes la propri\u00e9t\u00e9 est prot\u00e9g\u00e9e des regards des passants. Ce n\u2019est que lorsque le portail s&rsquo;ouvre que le visiteur d\u00e9couvre un endroit magique\u00a0: La maison style proven\u00e7ale, le pool house, la piscine, les d\u00e9pendances\u2026 Le tout est situ\u00e9 dans un grand parc naturel arbor\u00e9 de c\u00e8dres majestueux et d\u2019\u00e9l\u00e9gants cypr\u00e8s de Florence, travers\u00e9 par une source, qui cr\u00e9ent une tranquillit\u00e9 bienfaisante et font du domaine une oasis de paix.<\/p>\n<p>Sur le site du \u00ab\u00a0grand jardin\u00a0\u00bb, Elisabeth vous propose <strong>deux chambres d\u2019h\u00f4tes<\/strong> spacieuses et <strong>un petit g\u00eete<\/strong> charmant et fonctionnel qui se trouve dans l\u2019ancien pool house, \u00e0 deux pas de la piscine.<\/p>\n<p>Elle a le plaisir d\u2019accueillir des groupes plus importants dans une deuxi\u00e8me maison enti\u00e8rement relook\u00e9e en 2017, <strong>le G\u00eete P\u00e9gase<\/strong> qui se situe dans les hauteurs de Lauris au bas du Luberon.<\/p>\n<p>Les b\u00e2timents annexes du \u00ab\u00a0grand jardin\u00a0\u00bb, r\u00e9cemment r\u00e9nov\u00e9s avec des mat\u00e9riaux naturels, h\u00e9bergent <strong>une<\/strong> <strong>salle polyvalente<\/strong> ainsi qu\u2019<strong>une grande cuisine multifonctionnelle<\/strong> que vous pouvez louer pour vos f\u00eates de familles ou des activit\u00e9s professionnelles.<\/p>\n<p>&nbsp;<\/p>\n<p>&nbsp;<\/p>","protected":false},"excerpt":{"rendered":"<p>Entre Luberon et Durance au pied du pittoresque vieux village de Lauris, Elisabeth vous re\u00e7oit dans un cadre idyllique situ\u00e9 dans l\u2019ancien verger potager du ch\u00e2teau. Grace \u00e0 la vielle enceinte en pierres apparentes la propri\u00e9t\u00e9 est prot\u00e9g\u00e9e des regards des passants. Ce n\u2019est que lorsque le portail s&rsquo;ouvre que le visiteur d\u00e9couvre un endroit &#8230; <a class=\"read-more\" href=\"https:\/\/www.legrandjardindelisabeth.com\/site\/?lang=fr\">Lire plus&#8230;<\/a><\/p>\n","protected":false},"author":2,"featured_media":0,"parent":0,"menu_order":0,"comment_status":"closed","ping_status":"open","template":"","meta":{"footnotes":""},"class_list":["post-2","page","type-page","status-publish","hentry"],"aioseo_notices":[],"_links":{"self":[{"href":"https:\/\/www.legrandjardindelisabeth.com\/site\/wp-json\/wp\/v2\/pages\/2","targetHints":{"allow":["GET"]}}],"collection":[{"href":"https:\/\/www.legrandjardindelisabeth.com\/site\/wp-json\/wp\/v2\/pages"}],"about":[{"href":"https:\/\/www.legrandjardindelisabeth.com\/site\/wp-json\/wp\/v2\/types\/page"}],"author":[{"embeddable":true,"href":"https:\/\/www.legrandjardindelisabeth.com\/site\/wp-json\/wp\/v2\/users\/2"}],"replies":[{"embeddable":true,"href":"https:\/\/www.legrandjardindelisabeth.com\/site\/wp-json\/wp\/v2\/comments?post=2"}],"version-history":[{"count":31,"href":"https:\/\/www.legrandjardindelisabeth.com\/site\/wp-json\/wp\/v2\/pages\/2\/revisions"}],"predecessor-version":[{"id":1397,"href":"https:\/\/www.legrandjardindelisabeth.com\/site\/wp-json\/wp\/v2\/pages\/2\/revisions\/1397"}],"wp:attachment":[{"href":"https:\/\/www.legrandjardindelisabeth.com\/site\/wp-json\/wp\/v2\/media?parent=2"}],"curies":[{"name":"wp","href":"https:\/\/api.w.org\/{rel}","templated":true}]}}