
{"id":196,"date":"2015-03-25T17:44:47","date_gmt":"2015-03-25T16:44:47","guid":{"rendered":"https:\/\/www.legrandjardindelisabeth.com\/site\/?page_id=196"},"modified":"2015-08-27T18:32:44","modified_gmt":"2015-08-27T17:32:44","slug":"qui-suis-je","status":"publish","type":"page","link":"https:\/\/www.legrandjardindelisabeth.com\/site\/qui-suis-je\/?lang=fr","title":{"rendered":"Elisabeth FINK"},"content":{"rendered":"<p>D&rsquo;origine allemande je suis arriv\u00e9e \u00e0 Lauris avec ma famille un peu par hasard. Finalement c&rsquo;\u00e9tait exactement l&rsquo;endroit que j&rsquo;avais cherch\u00e9: un village sympathique et tranquille, ni trop touristique et ni trop loin des grands villes. C&rsquo;est entre autre mon travail de c\u00e9ramiste qui m&rsquo;a permis de cr\u00e9er des liens et de d\u00e9couvrir la r\u00e9gion. Les journ\u00e9es portes ouvertes de mon atelier, les animations \u00e0 l&rsquo;\u00e9cole, les expositions estivales dans le jardin, les march\u00e9s potiers, ont contribu\u00e9 \u00e0 ce que je me sente aujourd&rsquo;hui partie int\u00e9grante du pays.<\/p>\n<p>Le r\u00f4le important de la cuisine en France et les bons produits locaux ont fait que j&rsquo;ai commenc\u00e9 \u00e0 m&rsquo;int\u00e9resser au \u00ab\u00a0contenu\u00a0\u00bb de mes poteries. Quel plaisir de pr\u00e9parer des mets app\u00e9tissants dans des jolis plats ! Ceci m&rsquo;a conduite \u00e0 passer un dipl\u00f4me de di\u00e9t\u00e9tique il y a quelques ann\u00e9es.<\/p>\n<p>Si mon travail de di\u00e9t\u00e9ticienne vous int\u00e9resse, je vous invite \u00e0 consulter la rubrique <a title=\"Bien-\u00eatre alimentaire\" href=\"https:\/\/www.legrandjardindelisabeth.com\/site\/bien-etre-alimentaire\/\">bien-\u00eatre alimentaire<\/a>.<\/p>","protected":false},"excerpt":{"rendered":"<p>D&rsquo;origine allemande je suis arriv\u00e9e \u00e0 Lauris avec ma famille un peu par hasard. Finalement c&rsquo;\u00e9tait exactement l&rsquo;endroit que j&rsquo;avais cherch\u00e9: un village sympathique et tranquille, ni trop touristique et ni trop loin des grands villes. C&rsquo;est entre autre mon travail de c\u00e9ramiste qui m&rsquo;a permis de cr\u00e9er des liens et de d\u00e9couvrir la r\u00e9gion. &#8230; <a class=\"read-more\" href=\"https:\/\/www.legrandjardindelisabeth.com\/site\/qui-suis-je\/?lang=fr\">Lire plus&#8230;<\/a><\/p>\n","protected":false},"author":2,"featured_media":0,"parent":0,"menu_order":0,"comment_status":"closed","ping_status":"open","template":"","meta":{"footnotes":""},"class_list":["post-196","page","type-page","status-publish","hentry"],"aioseo_notices":[],"_links":{"self":[{"href":"https:\/\/www.legrandjardindelisabeth.com\/site\/wp-json\/wp\/v2\/pages\/196","targetHints":{"allow":["GET"]}}],"collection":[{"href":"https:\/\/www.legrandjardindelisabeth.com\/site\/wp-json\/wp\/v2\/pages"}],"about":[{"href":"https:\/\/www.legrandjardindelisabeth.com\/site\/wp-json\/wp\/v2\/types\/page"}],"author":[{"embeddable":true,"href":"https:\/\/www.legrandjardindelisabeth.com\/site\/wp-json\/wp\/v2\/users\/2"}],"replies":[{"embeddable":true,"href":"https:\/\/www.legrandjardindelisabeth.com\/site\/wp-json\/wp\/v2\/comments?post=196"}],"version-history":[{"count":9,"href":"https:\/\/www.legrandjardindelisabeth.com\/site\/wp-json\/wp\/v2\/pages\/196\/revisions"}],"predecessor-version":[{"id":420,"href":"https:\/\/www.legrandjardindelisabeth.com\/site\/wp-json\/wp\/v2\/pages\/196\/revisions\/420"}],"wp:attachment":[{"href":"https:\/\/www.legrandjardindelisabeth.com\/site\/wp-json\/wp\/v2\/media?parent=196"}],"curies":[{"name":"wp","href":"https:\/\/api.w.org\/{rel}","templated":true}]}}