{"id":149,"date":"2015-04-21T20:35:03","date_gmt":"2015-04-21T19:35:03","guid":{"rendered":"http:\/\/www.legrandjardindelisabeth.com\/blog\/?page_id=149"},"modified":"2018-08-21T20:15:04","modified_gmt":"2018-08-21T19:15:04","slug":"accueil","status":"publish","type":"page","link":"https:\/\/www.legrandjardindelisabeth.com\/blog\/","title":{"rendered":"Accueil"},"content":{"rendered":"<p>Le Grand Jardin d&rsquo;Elisabeth accueille en son sein le jardin collectif. &nbsp;C&rsquo;est ainsi \u00e0 Lauris, chez Elisabeth Fink, que vous pourrez venir d\u00e9couvrir la permaculture et partager vos exp\u00e9riences.<\/p>\n<p>Il s&rsquo;agit de cr\u00e9er ensemble une \u00ab for\u00eat comestible et nourrici\u00e8re \u00bb bas\u00e9e sur une culture p\u00e9renne et respectueuse de son environnement \u00e9cologique. Notre&nbsp;volont\u00e9&nbsp;est d&rsquo;apprendre \u00e0 intervenir le moins possible&nbsp;pour cr\u00e9er&nbsp;un environnement qui se g\u00e8re seul.&nbsp;Pour cela, nous inspirons des concepts et &nbsp;techniques qu\u2019offre la permaculture.<\/p>\n<p>Du jardinier exp\u00e9riment\u00e9 au simple curieux, les portes du Grand Jardin sont ouvertes \u00e0 tous pour la construction d&rsquo;un jardin cr\u00e9atif et collectif.<\/p>\n","protected":false},"excerpt":{"rendered":"<p>Le Grand Jardin d&rsquo;Elisabeth accueille en son sein le jardin collectif. &nbsp;C&rsquo;est ainsi \u00e0 Lauris, chez Elisabeth Fink, que vous pourrez venir d\u00e9couvrir la permaculture et partager vos exp\u00e9riences. Il<\/p>\n<p>\n                <span class=\"glyphicon glyphicon-arrow-right\"><a title=\"Continue reading\" href=\"https:\/\/www.legrandjardindelisabeth.com\/blog\/\">Continue reading<\/a><\/span><\/p>\n","protected":false},"author":1,"featured_media":0,"parent":0,"menu_order":0,"comment_status":"open","ping_status":"open","template":"page-templates\/full-width.php","meta":{"ngg_post_thumbnail":0},"_links":{"self":[{"href":"https:\/\/www.legrandjardindelisabeth.com\/blog\/index.php?rest_route=\/wp\/v2\/pages\/149"}],"collection":[{"href":"https:\/\/www.legrandjardindelisabeth.com\/blog\/index.php?rest_route=\/wp\/v2\/pages"}],"about":[{"href":"https:\/\/www.legrandjardindelisabeth.com\/blog\/index.php?rest_route=\/wp\/v2\/types\/page"}],"author":[{"embeddable":true,"href":"https:\/\/www.legrandjardindelisabeth.com\/blog\/index.php?rest_route=\/wp\/v2\/users\/1"}],"replies":[{"embeddable":true,"href":"https:\/\/www.legrandjardindelisabeth.com\/blog\/index.php?rest_route=%2Fwp%2Fv2%2Fcomments&post=149"}],"version-history":[{"count":10,"href":"https:\/\/www.legrandjardindelisabeth.com\/blog\/index.php?rest_route=\/wp\/v2\/pages\/149\/revisions"}],"predecessor-version":[{"id":465,"href":"https:\/\/www.legrandjardindelisabeth.com\/blog\/index.php?rest_route=\/wp\/v2\/pages\/149\/revisions\/465"}],"wp:attachment":[{"href":"https:\/\/www.legrandjardindelisabeth.com\/blog\/index.php?rest_route=%2Fwp%2Fv2%2Fmedia&parent=149"}],"curies":[{"name":"wp","href":"https:\/\/api.w.org\/{rel}","templated":true}]}}